{"id":27037,"date":"2024-08-20T14:36:41","date_gmt":"2024-08-20T12:36:41","guid":{"rendered":"https:\/\/www.blackgoodies.fr\/?post_type=product&#038;p=27037"},"modified":"2024-09-05T12:09:35","modified_gmt":"2024-09-05T10:09:35","slug":"porte-cles-flamme-cuir","status":"publish","type":"product","link":"https:\/\/www.blackgoodies.fr\/de\/produkt\/porte-cles-flamme-cuir\/","title":{"rendered":"Porte-cl\u00e9s Flamme CUIR"},"content":{"rendered":"<p>Les porte-cl\u00e9s Flamme Cuir sont r\u00e9alis\u00e9s \u00e0 l\u2019aide de moule sp\u00e9cifique \u00e0 chaque \u00e9cusson. Fait \u00e0 base de cuir v\u00e9ritable, le marquage est r\u00e9alis\u00e9 par gaufrage \u00e0 chaud.<\/p>\n<p>Pour \u00eatre r\u00e9alis\u00e9e, une commande de porte-cl\u00e9s flamme \u00ab\u00a0CUIR\u00a0\u00bb doit comprendre un minimum\u00a0 de 10 pi\u00e8ces.<\/p>","protected":false},"excerpt":{"rendered":"<p>Les porte-cl\u00e9s Flamme Cuir sont r\u00e9alis\u00e9s \u00e0 l\u2019aide de moule sp\u00e9cifique \u00e0 chaque \u00e9cusson. Fait \u00e0 base de cuir v\u00e9ritable, le marquage est r\u00e9alis\u00e9 par gaufrage \u00e0 chaud. Pour \u00eatre r\u00e9alis\u00e9e, une commande de porte-cl\u00e9s flamme \u00ab\u00a0CUIR\u00a0\u00bb doit comprendre un minimum\u00a0 de 10 pi\u00e8ces.<\/p>","protected":false},"featured_media":27042,"template":"","meta":{"_acf_changed":false},"product_brand":[],"product_cat":[43],"product_tag":[],"class_list":{"0":"post-27037","1":"product","2":"type-product","3":"status-publish","4":"has-post-thumbnail","6":"product_cat-porte-cles-flamme","8":"first","9":"instock","10":"taxable","11":"shipping-taxable","12":"purchasable","13":"product-type-simple"},"acf":[],"yoast_head":"<!-- This site is optimized with the Yoast SEO plugin v23.3 - https:\/\/yoast.com\/wordpress\/plugins\/seo\/ -->\n<title>Porte-cl\u00e9s Flamme CUIR - blackgoodies<\/title>\n<meta name=\"description\" content=\"Porte-cl\u00e9s Flamme Cuir - \u00e0 partir de 10 pi\u00e8ces. Ils sont r\u00e9alis\u00e9s \u00e0 l\u2019aide de moule sp\u00e9cifique \u00e0 chaque \u00e9cusson. Fait \u00e0 base de cuir v\u00e9ritable.\" \/>\n<meta name=\"robots\" content=\"index, follow, max-snippet:-1, max-image-preview:large, max-video-preview:-1\" \/>\n<link rel=\"canonical\" href=\"https:\/\/www.blackgoodies.fr\/de\/produkt\/porte-cles-flamme-cuir\/\" \/>\n<meta property=\"og:locale\" content=\"de_DE\" \/>\n<meta property=\"og:type\" content=\"article\" \/>\n<meta property=\"og:title\" content=\"Porte-cl\u00e9s Flamme CUIR - blackgoodies\" \/>\n<meta property=\"og:description\" content=\"Porte-cl\u00e9s Flamme Cuir - \u00e0 partir de 10 pi\u00e8ces. Ils sont r\u00e9alis\u00e9s \u00e0 l\u2019aide de moule sp\u00e9cifique \u00e0 chaque \u00e9cusson. Fait \u00e0 base de cuir v\u00e9ritable.\" \/>\n<meta property=\"og:url\" content=\"https:\/\/www.blackgoodies.fr\/de\/produkt\/porte-cles-flamme-cuir\/\" \/>\n<meta property=\"og:site_name\" content=\"blackgoodies\" \/>\n<meta property=\"article:publisher\" content=\"https:\/\/www.facebook.com\/BlackGoodiesFR\" \/>\n<meta property=\"article:modified_time\" content=\"2024-09-05T10:09:35+00:00\" \/>\n<meta property=\"og:image\" content=\"https:\/\/www.blackgoodies.fr\/wp-content\/uploads\/2023\/03\/favicon.png\" \/>\n\t<meta property=\"og:image:width\" content=\"209\" \/>\n\t<meta property=\"og:image:height\" content=\"209\" \/>\n\t<meta property=\"og:image:type\" content=\"image\/png\" \/>\n<meta name=\"twitter:card\" content=\"summary_large_image\" \/>\n<meta name=\"twitter:label1\" content=\"Gesch\u00e4tzte Lesezeit\" \/>\n\t<meta name=\"twitter:data1\" content=\"1\u00a0Minute\" \/>\n<script type=\"application\/ld+json\" class=\"yoast-schema-graph\">{\"@context\":\"https:\/\/schema.org\",\"@graph\":[{\"@type\":\"WebPage\",\"@id\":\"https:\/\/www.blackgoodies.fr\/produit\/porte-cles-flamme-cuir\/\",\"url\":\"https:\/\/www.blackgoodies.fr\/produit\/porte-cles-flamme-cuir\/\",\"name\":\"Porte-cl\u00e9s Flamme CUIR - blackgoodies\",\"isPartOf\":{\"@id\":\"https:\/\/www.blackgoodies.fr\/#website\"},\"primaryImageOfPage\":{\"@id\":\"https:\/\/www.blackgoodies.fr\/produit\/porte-cles-flamme-cuir\/#primaryimage\"},\"image\":{\"@id\":\"https:\/\/www.blackgoodies.fr\/produit\/porte-cles-flamme-cuir\/#primaryimage\"},\"thumbnailUrl\":\"https:\/\/www.blackgoodies.fr\/wp-content\/uploads\/2024\/08\/Porte-cle-flamme-CUIR_blackgoodies.avif\",\"datePublished\":\"2024-08-20T12:36:41+00:00\",\"dateModified\":\"2024-09-05T10:09:35+00:00\",\"description\":\"Porte-cl\u00e9s Flamme Cuir - \u00e0 partir de 10 pi\u00e8ces. Ils sont r\u00e9alis\u00e9s \u00e0 l\u2019aide de moule sp\u00e9cifique \u00e0 chaque \u00e9cusson. Fait \u00e0 base de cuir v\u00e9ritable.\",\"breadcrumb\":{\"@id\":\"https:\/\/www.blackgoodies.fr\/produit\/porte-cles-flamme-cuir\/#breadcrumb\"},\"inLanguage\":\"de-CH\",\"potentialAction\":[{\"@type\":\"ReadAction\",\"target\":[\"https:\/\/www.blackgoodies.fr\/produit\/porte-cles-flamme-cuir\/\"]}]},{\"@type\":\"ImageObject\",\"inLanguage\":\"de-CH\",\"@id\":\"https:\/\/www.blackgoodies.fr\/produit\/porte-cles-flamme-cuir\/#primaryimage\",\"url\":\"https:\/\/www.blackgoodies.fr\/wp-content\/uploads\/2024\/08\/Porte-cle-flamme-CUIR_blackgoodies.avif\",\"contentUrl\":\"https:\/\/www.blackgoodies.fr\/wp-content\/uploads\/2024\/08\/Porte-cle-flamme-CUIR_blackgoodies.avif\",\"width\":2779,\"height\":2178},{\"@type\":\"BreadcrumbList\",\"@id\":\"https:\/\/www.blackgoodies.fr\/produit\/porte-cles-flamme-cuir\/#breadcrumb\",\"itemListElement\":[{\"@type\":\"ListItem\",\"position\":1,\"name\":\"La boutique\",\"item\":\"https:\/\/www.blackgoodies.fr\/boutique\/\"},{\"@type\":\"ListItem\",\"position\":2,\"name\":\"Porte-cl\u00e9s Flamme CUIR\"}]},{\"@type\":\"WebSite\",\"@id\":\"https:\/\/www.blackgoodies.fr\/#website\",\"url\":\"https:\/\/www.blackgoodies.fr\/\",\"name\":\"blackgoodies\",\"description\":\"Ecussons - Flammes - Merchandising\",\"publisher\":{\"@id\":\"https:\/\/www.blackgoodies.fr\/#organization\"},\"potentialAction\":[{\"@type\":\"SearchAction\",\"target\":{\"@type\":\"EntryPoint\",\"urlTemplate\":\"https:\/\/www.blackgoodies.fr\/?s={search_term_string}\"},\"query-input\":\"required name=search_term_string\"}],\"inLanguage\":\"de-CH\"},{\"@type\":\"Organization\",\"@id\":\"https:\/\/www.blackgoodies.fr\/#organization\",\"name\":\"Blackgoodies\",\"url\":\"https:\/\/www.blackgoodies.fr\/\",\"logo\":{\"@type\":\"ImageObject\",\"inLanguage\":\"de-CH\",\"@id\":\"https:\/\/www.blackgoodies.fr\/#\/schema\/logo\/image\/\",\"url\":\"https:\/\/www.blackgoodies.fr\/wp-content\/uploads\/2023\/03\/favicon.png\",\"contentUrl\":\"https:\/\/www.blackgoodies.fr\/wp-content\/uploads\/2023\/03\/favicon.png\",\"width\":209,\"height\":209,\"caption\":\"Blackgoodies\"},\"image\":{\"@id\":\"https:\/\/www.blackgoodies.fr\/#\/schema\/logo\/image\/\"},\"sameAs\":[\"https:\/\/www.facebook.com\/BlackGoodiesFR\",\"https:\/\/www.instagram.com\/blackgoodiesFR\/\"]}]}<\/script>\n<!-- \/ Yoast SEO plugin. -->","yoast_head_json":{"title":"Porte-cl\u00e9s Flamme CUIR - blackgoodies","description":"Porte-cl\u00e9s Flamme Cuir - \u00e0 partir de 10 pi\u00e8ces. Ils sont r\u00e9alis\u00e9s \u00e0 l\u2019aide de moule sp\u00e9cifique \u00e0 chaque \u00e9cusson. Fait \u00e0 base de cuir v\u00e9ritable.","robots":{"index":"index","follow":"follow","max-snippet":"max-snippet:-1","max-image-preview":"max-image-preview:large","max-video-preview":"max-video-preview:-1"},"canonical":"https:\/\/www.blackgoodies.fr\/de\/produkt\/porte-cles-flamme-cuir\/","og_locale":"de_DE","og_type":"article","og_title":"Porte-cl\u00e9s Flamme CUIR - blackgoodies","og_description":"Porte-cl\u00e9s Flamme Cuir - \u00e0 partir de 10 pi\u00e8ces. Ils sont r\u00e9alis\u00e9s \u00e0 l\u2019aide de moule sp\u00e9cifique \u00e0 chaque \u00e9cusson. Fait \u00e0 base de cuir v\u00e9ritable.","og_url":"https:\/\/www.blackgoodies.fr\/de\/produkt\/porte-cles-flamme-cuir\/","og_site_name":"blackgoodies","article_publisher":"https:\/\/www.facebook.com\/BlackGoodiesFR","article_modified_time":"2024-09-05T10:09:35+00:00","og_image":[{"width":209,"height":209,"url":"https:\/\/www.blackgoodies.fr\/wp-content\/uploads\/2023\/03\/favicon.png","type":"image\/png"}],"twitter_card":"summary_large_image","twitter_misc":{"Gesch\u00e4tzte Lesezeit":"1\u00a0Minute"},"schema":{"@context":"https:\/\/schema.org","@graph":[{"@type":"WebPage","@id":"https:\/\/www.blackgoodies.fr\/produit\/porte-cles-flamme-cuir\/","url":"https:\/\/www.blackgoodies.fr\/produit\/porte-cles-flamme-cuir\/","name":"Porte-cl\u00e9s Flamme CUIR - blackgoodies","isPartOf":{"@id":"https:\/\/www.blackgoodies.fr\/#website"},"primaryImageOfPage":{"@id":"https:\/\/www.blackgoodies.fr\/produit\/porte-cles-flamme-cuir\/#primaryimage"},"image":{"@id":"https:\/\/www.blackgoodies.fr\/produit\/porte-cles-flamme-cuir\/#primaryimage"},"thumbnailUrl":"https:\/\/www.blackgoodies.fr\/wp-content\/uploads\/2024\/08\/Porte-cle-flamme-CUIR_blackgoodies.avif","datePublished":"2024-08-20T12:36:41+00:00","dateModified":"2024-09-05T10:09:35+00:00","description":"Porte-cl\u00e9s Flamme Cuir - \u00e0 partir de 10 pi\u00e8ces. Ils sont r\u00e9alis\u00e9s \u00e0 l\u2019aide de moule sp\u00e9cifique \u00e0 chaque \u00e9cusson. Fait \u00e0 base de cuir v\u00e9ritable.","breadcrumb":{"@id":"https:\/\/www.blackgoodies.fr\/produit\/porte-cles-flamme-cuir\/#breadcrumb"},"inLanguage":"de-CH","potentialAction":[{"@type":"ReadAction","target":["https:\/\/www.blackgoodies.fr\/produit\/porte-cles-flamme-cuir\/"]}]},{"@type":"ImageObject","inLanguage":"de-CH","@id":"https:\/\/www.blackgoodies.fr\/produit\/porte-cles-flamme-cuir\/#primaryimage","url":"https:\/\/www.blackgoodies.fr\/wp-content\/uploads\/2024\/08\/Porte-cle-flamme-CUIR_blackgoodies.avif","contentUrl":"https:\/\/www.blackgoodies.fr\/wp-content\/uploads\/2024\/08\/Porte-cle-flamme-CUIR_blackgoodies.avif","width":2779,"height":2178},{"@type":"BreadcrumbList","@id":"https:\/\/www.blackgoodies.fr\/produit\/porte-cles-flamme-cuir\/#breadcrumb","itemListElement":[{"@type":"ListItem","position":1,"name":"La boutique","item":"https:\/\/www.blackgoodies.fr\/boutique\/"},{"@type":"ListItem","position":2,"name":"Porte-cl\u00e9s Flamme CUIR"}]},{"@type":"WebSite","@id":"https:\/\/www.blackgoodies.fr\/#website","url":"https:\/\/www.blackgoodies.fr\/","name":"blackgoodies","description":"Ecussons - Flammes - Merchandising","publisher":{"@id":"https:\/\/www.blackgoodies.fr\/#organization"},"potentialAction":[{"@type":"SearchAction","target":{"@type":"EntryPoint","urlTemplate":"https:\/\/www.blackgoodies.fr\/?s={search_term_string}"},"query-input":"required name=search_term_string"}],"inLanguage":"de-CH"},{"@type":"Organization","@id":"https:\/\/www.blackgoodies.fr\/#organization","name":"Blackgoodies","url":"https:\/\/www.blackgoodies.fr\/","logo":{"@type":"ImageObject","inLanguage":"de-CH","@id":"https:\/\/www.blackgoodies.fr\/#\/schema\/logo\/image\/","url":"https:\/\/www.blackgoodies.fr\/wp-content\/uploads\/2023\/03\/favicon.png","contentUrl":"https:\/\/www.blackgoodies.fr\/wp-content\/uploads\/2023\/03\/favicon.png","width":209,"height":209,"caption":"Blackgoodies"},"image":{"@id":"https:\/\/www.blackgoodies.fr\/#\/schema\/logo\/image\/"},"sameAs":["https:\/\/www.facebook.com\/BlackGoodiesFR","https:\/\/www.instagram.com\/blackgoodiesFR\/"]}]}},"_links":{"self":[{"href":"https:\/\/www.blackgoodies.fr\/de\/wp-json\/wp\/v2\/product\/27037","targetHints":{"allow":["GET"]}}],"collection":[{"href":"https:\/\/www.blackgoodies.fr\/de\/wp-json\/wp\/v2\/product"}],"about":[{"href":"https:\/\/www.blackgoodies.fr\/de\/wp-json\/wp\/v2\/types\/product"}],"wp:featuredmedia":[{"embeddable":true,"href":"https:\/\/www.blackgoodies.fr\/de\/wp-json\/wp\/v2\/media\/27042"}],"wp:attachment":[{"href":"https:\/\/www.blackgoodies.fr\/de\/wp-json\/wp\/v2\/media?parent=27037"}],"wp:term":[{"taxonomy":"product_brand","embeddable":true,"href":"https:\/\/www.blackgoodies.fr\/de\/wp-json\/wp\/v2\/product_brand?post=27037"},{"taxonomy":"product_cat","embeddable":true,"href":"https:\/\/www.blackgoodies.fr\/de\/wp-json\/wp\/v2\/product_cat?post=27037"},{"taxonomy":"product_tag","embeddable":true,"href":"https:\/\/www.blackgoodies.fr\/de\/wp-json\/wp\/v2\/product_tag?post=27037"}],"curies":[{"name":"wp","href":"https:\/\/api.w.org\/{rel}","templated":true}]}}