{"id":25906,"date":"2023-03-01T11:11:55","date_gmt":"2023-03-01T10:11:55","guid":{"rendered":"https:\/\/www.blackgoodies.fr\/?page_id=25906"},"modified":"2025-12-11T10:59:04","modified_gmt":"2025-12-11T09:59:04","slug":"ecussons-brodes-tisses-sublimes-mixtes-pvc-cuirs-reflechissants","status":"publish","type":"page","link":"https:\/\/www.blackgoodies.fr\/en\/ecussons-brodes-tisses-sublimes-mixtes-pvc-cuirs-reflechissants\/","title":{"rendered":"Patch"},"content":{"rendered":"<p class=\"has-text-align-center\" style=\"font-size:21px\"><strong>Qu\u2019ils soient brod\u00e9s, tiss\u00e9s, sublim\u00e9s\/mixtes, PVC, Cuirs, R\u00e9fl\u00e9chissants ou sublim\u00e9s\/ brod\u00e9s HD, <\/strong><\/p>\n\n\n\n<p class=\"has-text-align-center\" style=\"font-size:21px\"><strong> vos \u00e9cussons seront r\u00e9alis\u00e9s avec le plus grand soin. Que cela soit pour 10 pi\u00e8ces (minimum) ou plus, nous apportons le plus grand soin \u00e0 votre projet.<\/strong><\/p>\n\n\n\n<p class=\"has-text-align-center\">Sur <a href=\"https:\/\/www.blackgoodies.fr\/en\/\">www.blackgoodies.fr<\/a>, vous avez la possibilit\u00e9 de faire un devis ou de passer une commande d\u2019\u00e9cussons directement en ligne, en vous laissant guid\u00e9 \u00e9tape par \u00e9tape. <\/p>\n\n\n\n<p class=\"has-text-align-center\"> Il ne vous reste plus qu\u2019\u00e0 choisir l\u2019adresse de livraison, \u00e0 domicile ou en point relais \u00ab&nbsp;Ici Colis&nbsp;\u00bb. <\/p>\n\n\n\n<p class=\"has-text-align-center\">Ce site est principalement d\u00e9di\u00e9 aux particuliers, associations, etc\u2026 Si vous \u00eates un professionnel et que vous souhaitez profiter de nos tarifs revendeurs, remplissez le <a href=\"https:\/\/www.blackgoodies.fr\/en\/devenir-revendeur\/\">formulaire <\/a>pr\u00e9vu \u00e0 cet effet.<\/p>\n\n\n\n<p class=\"has-text-align-center\">Pour toutes informations compl\u00e9mentaires, n\u2019h\u00e9sitez pas \u00e0 vous rendre sur la partie <a href=\"https:\/\/www.blackgoodies.fr\/en\/faq\/\">FAQ <\/a>et <a href=\"https:\/\/www.blackgoodies.fr\/en\/conseils\/\">Advice <\/a>du site, ou tout simplement en nous contactant par le biais de notre formulaire de <a href=\"https:\/\/www.blackgoodies.fr\/en\/contact\/\">contact<\/a>.<\/p>\n\n\n\n<p class=\"has-text-align-center\">Paiements accept\u00e9s : CB \/ PayPal \/ PayPal en 4X \/ Apple Pay \/ Google Pay \/ Virement \/ Mandat Administratif. <\/p>\n\n\n\n<p class=\"has-text-align-center\"><em>(nous n&rsquo;acceptons pas les ch\u00e8ques)<\/em><\/p>\n\n\n\n<figure class=\"wp-block-image size-large\"><img decoding=\"async\" width=\"1024\" height=\"683\" src=\"https:\/\/www.blackgoodies.fr\/wp-content\/uploads\/2025\/12\/promo-noel-BG-25-1024x683.jpg\" alt=\"\" class=\"wp-image-29700\" srcset=\"https:\/\/www.blackgoodies.fr\/wp-content\/uploads\/2025\/12\/promo-noel-BG-25-1024x683.jpg 1024w, https:\/\/www.blackgoodies.fr\/wp-content\/uploads\/2025\/12\/promo-noel-BG-25-300x200.jpg 300w, https:\/\/www.blackgoodies.fr\/wp-content\/uploads\/2025\/12\/promo-noel-BG-25-150x100.jpg 150w, https:\/\/www.blackgoodies.fr\/wp-content\/uploads\/2025\/12\/promo-noel-BG-25-768x512.jpg 768w, https:\/\/www.blackgoodies.fr\/wp-content\/uploads\/2025\/12\/promo-noel-BG-25-18x12.jpg 18w, https:\/\/www.blackgoodies.fr\/wp-content\/uploads\/2025\/12\/promo-noel-BG-25-416x277.jpg 416w, https:\/\/www.blackgoodies.fr\/wp-content\/uploads\/2025\/12\/promo-noel-BG-25.jpg 1122w\" sizes=\"(max-width: 1024px) 100vw, 1024px\" \/><figcaption class=\"wp-element-caption\">PROMO : 1 achet\u00e9 = 1 offert<\/figcaption><\/figure>\n\n\n\n<p><\/p>","protected":false},"excerpt":{"rendered":"<p>Qu\u2019ils soient brod\u00e9s, tiss\u00e9s, sublim\u00e9s\/mixtes, PVC, Cuirs, R\u00e9fl\u00e9chissants ou sublim\u00e9s\/ brod\u00e9s HD, vos \u00e9cussons seront r\u00e9alis\u00e9s avec le plus grand soin. Que cela soit pour 10 pi\u00e8ces (minimum) ou plus, nous apportons le plus grand soin \u00e0 votre projet. Sur www.blackgoodies.fr, vous avez la possibilit\u00e9 de faire un devis ou de passer une commande d\u2019\u00e9cussons [&hellip;]<\/p>","protected":false},"author":1,"featured_media":26444,"parent":0,"menu_order":0,"comment_status":"closed","ping_status":"closed","template":"template-page-produit.php","meta":{"_acf_changed":false,"footnotes":""},"class_list":["post-25906","page","type-page","status-publish","has-post-thumbnail","hentry"],"acf":[],"yoast_head":"<!-- This site is optimized with the Yoast SEO plugin v23.3 - https:\/\/yoast.com\/wordpress\/plugins\/seo\/ -->\n<title>Ecussons brod\u00e9s, tiss\u00e9s, sublim\u00e9s, mixtes, PVC, Cuirs, R\u00e9fl\u00e9chissants, Brod\u00e9s sublim\u00e9s HD<\/title>\n<meta name=\"description\" content=\"Ecussons brod\u00e9s, tiss\u00e9s, sublim\u00e9s, pvc sur mesure ! A partir de 10 pi\u00e8ces. Livraison \u00e0 domicile ou en point Relais. Vos \u00e9cussons personnalis\u00e9s\" \/>\n<meta name=\"robots\" content=\"index, follow, max-snippet:-1, max-image-preview:large, max-video-preview:-1\" \/>\n<link rel=\"canonical\" href=\"https:\/\/www.blackgoodies.fr\/en\/ecussons-brodes-tisses-sublimes-mixtes-pvc-cuirs-reflechissants\/\" \/>\n<meta property=\"og:locale\" content=\"en_GB\" \/>\n<meta property=\"og:type\" content=\"article\" \/>\n<meta property=\"og:title\" content=\"Ecussons brod\u00e9s, tiss\u00e9s, sublim\u00e9s, mixtes, PVC, Cuirs, R\u00e9fl\u00e9chissants, Brod\u00e9s sublim\u00e9s HD\" \/>\n<meta property=\"og:description\" content=\"Ecussons brod\u00e9s, tiss\u00e9s, sublim\u00e9s, pvc sur mesure ! A partir de 10 pi\u00e8ces. Livraison \u00e0 domicile ou en point Relais. Vos \u00e9cussons personnalis\u00e9s\" \/>\n<meta property=\"og:url\" content=\"https:\/\/www.blackgoodies.fr\/en\/ecussons-brodes-tisses-sublimes-mixtes-pvc-cuirs-reflechissants\/\" \/>\n<meta property=\"og:site_name\" content=\"blackgoodies\" \/>\n<meta property=\"article:publisher\" content=\"https:\/\/www.facebook.com\/BlackGoodiesFR\" \/>\n<meta property=\"article:modified_time\" content=\"2025-12-11T09:59:04+00:00\" \/>\n<meta property=\"og:image\" content=\"https:\/\/www.blackgoodies.fr\/wp-content\/uploads\/2023\/11\/il_fullxfull.3848280097_ajl3.jpg\" \/>\n\t<meta property=\"og:image:width\" content=\"2000\" \/>\n\t<meta property=\"og:image:height\" content=\"1500\" \/>\n\t<meta property=\"og:image:type\" content=\"image\/jpeg\" \/>\n<meta name=\"twitter:card\" content=\"summary_large_image\" \/>\n<meta name=\"twitter:label1\" content=\"Estimated reading time\" \/>\n\t<meta name=\"twitter:data1\" content=\"2 minutes\" \/>\n<script type=\"application\/ld+json\" class=\"yoast-schema-graph\">{\"@context\":\"https:\/\/schema.org\",\"@graph\":[{\"@type\":\"WebPage\",\"@id\":\"https:\/\/www.blackgoodies.fr\/ecussons-brodes-tisses-sublimes-mixtes-pvc-cuirs-reflechissants\/\",\"url\":\"https:\/\/www.blackgoodies.fr\/ecussons-brodes-tisses-sublimes-mixtes-pvc-cuirs-reflechissants\/\",\"name\":\"Ecussons brod\u00e9s, tiss\u00e9s, sublim\u00e9s, mixtes, PVC, Cuirs, R\u00e9fl\u00e9chissants, Brod\u00e9s sublim\u00e9s HD\",\"isPartOf\":{\"@id\":\"https:\/\/www.blackgoodies.fr\/#website\"},\"primaryImageOfPage\":{\"@id\":\"https:\/\/www.blackgoodies.fr\/ecussons-brodes-tisses-sublimes-mixtes-pvc-cuirs-reflechissants\/#primaryimage\"},\"image\":{\"@id\":\"https:\/\/www.blackgoodies.fr\/ecussons-brodes-tisses-sublimes-mixtes-pvc-cuirs-reflechissants\/#primaryimage\"},\"thumbnailUrl\":\"https:\/\/www.blackgoodies.fr\/wp-content\/uploads\/2023\/11\/il_fullxfull.3848280097_ajl3.jpg\",\"datePublished\":\"2023-03-01T10:11:55+00:00\",\"dateModified\":\"2025-12-11T09:59:04+00:00\",\"description\":\"Ecussons brod\u00e9s, tiss\u00e9s, sublim\u00e9s, pvc sur mesure ! A partir de 10 pi\u00e8ces. Livraison \u00e0 domicile ou en point Relais. Vos \u00e9cussons personnalis\u00e9s\",\"inLanguage\":\"en-GB\",\"potentialAction\":[{\"@type\":\"ReadAction\",\"target\":[\"https:\/\/www.blackgoodies.fr\/ecussons-brodes-tisses-sublimes-mixtes-pvc-cuirs-reflechissants\/\"]}]},{\"@type\":\"ImageObject\",\"inLanguage\":\"en-GB\",\"@id\":\"https:\/\/www.blackgoodies.fr\/ecussons-brodes-tisses-sublimes-mixtes-pvc-cuirs-reflechissants\/#primaryimage\",\"url\":\"https:\/\/www.blackgoodies.fr\/wp-content\/uploads\/2023\/11\/il_fullxfull.3848280097_ajl3.jpg\",\"contentUrl\":\"https:\/\/www.blackgoodies.fr\/wp-content\/uploads\/2023\/11\/il_fullxfull.3848280097_ajl3.jpg\",\"width\":2000,\"height\":1500,\"caption\":\"\u00e9cussons brod\u00e9s\"},{\"@type\":\"WebSite\",\"@id\":\"https:\/\/www.blackgoodies.fr\/#website\",\"url\":\"https:\/\/www.blackgoodies.fr\/\",\"name\":\"blackgoodies\",\"description\":\"Ecussons - Flammes - Merchandising\",\"publisher\":{\"@id\":\"https:\/\/www.blackgoodies.fr\/#organization\"},\"potentialAction\":[{\"@type\":\"SearchAction\",\"target\":{\"@type\":\"EntryPoint\",\"urlTemplate\":\"https:\/\/www.blackgoodies.fr\/?s={search_term_string}\"},\"query-input\":\"required name=search_term_string\"}],\"inLanguage\":\"en-GB\"},{\"@type\":\"Organization\",\"@id\":\"https:\/\/www.blackgoodies.fr\/#organization\",\"name\":\"Blackgoodies\",\"url\":\"https:\/\/www.blackgoodies.fr\/\",\"logo\":{\"@type\":\"ImageObject\",\"inLanguage\":\"en-GB\",\"@id\":\"https:\/\/www.blackgoodies.fr\/#\/schema\/logo\/image\/\",\"url\":\"https:\/\/www.blackgoodies.fr\/wp-content\/uploads\/2023\/03\/favicon.png\",\"contentUrl\":\"https:\/\/www.blackgoodies.fr\/wp-content\/uploads\/2023\/03\/favicon.png\",\"width\":209,\"height\":209,\"caption\":\"Blackgoodies\"},\"image\":{\"@id\":\"https:\/\/www.blackgoodies.fr\/#\/schema\/logo\/image\/\"},\"sameAs\":[\"https:\/\/www.facebook.com\/BlackGoodiesFR\",\"https:\/\/www.instagram.com\/blackgoodiesFR\/\"]}]}<\/script>\n<!-- \/ Yoast SEO plugin. -->","yoast_head_json":{"title":"Ecussons brod\u00e9s, tiss\u00e9s, sublim\u00e9s, mixtes, PVC, Cuirs, R\u00e9fl\u00e9chissants, Brod\u00e9s sublim\u00e9s HD","description":"Ecussons brod\u00e9s, tiss\u00e9s, sublim\u00e9s, pvc sur mesure ! A partir de 10 pi\u00e8ces. Livraison \u00e0 domicile ou en point Relais. Vos \u00e9cussons personnalis\u00e9s","robots":{"index":"index","follow":"follow","max-snippet":"max-snippet:-1","max-image-preview":"max-image-preview:large","max-video-preview":"max-video-preview:-1"},"canonical":"https:\/\/www.blackgoodies.fr\/en\/ecussons-brodes-tisses-sublimes-mixtes-pvc-cuirs-reflechissants\/","og_locale":"en_GB","og_type":"article","og_title":"Ecussons brod\u00e9s, tiss\u00e9s, sublim\u00e9s, mixtes, PVC, Cuirs, R\u00e9fl\u00e9chissants, Brod\u00e9s sublim\u00e9s HD","og_description":"Ecussons brod\u00e9s, tiss\u00e9s, sublim\u00e9s, pvc sur mesure ! A partir de 10 pi\u00e8ces. Livraison \u00e0 domicile ou en point Relais. Vos \u00e9cussons personnalis\u00e9s","og_url":"https:\/\/www.blackgoodies.fr\/en\/ecussons-brodes-tisses-sublimes-mixtes-pvc-cuirs-reflechissants\/","og_site_name":"blackgoodies","article_publisher":"https:\/\/www.facebook.com\/BlackGoodiesFR","article_modified_time":"2025-12-11T09:59:04+00:00","og_image":[{"width":2000,"height":1500,"url":"https:\/\/www.blackgoodies.fr\/wp-content\/uploads\/2023\/11\/il_fullxfull.3848280097_ajl3.jpg","type":"image\/jpeg"}],"twitter_card":"summary_large_image","twitter_misc":{"Estimated reading time":"2 minutes"},"schema":{"@context":"https:\/\/schema.org","@graph":[{"@type":"WebPage","@id":"https:\/\/www.blackgoodies.fr\/ecussons-brodes-tisses-sublimes-mixtes-pvc-cuirs-reflechissants\/","url":"https:\/\/www.blackgoodies.fr\/ecussons-brodes-tisses-sublimes-mixtes-pvc-cuirs-reflechissants\/","name":"Ecussons brod\u00e9s, tiss\u00e9s, sublim\u00e9s, mixtes, PVC, Cuirs, R\u00e9fl\u00e9chissants, Brod\u00e9s sublim\u00e9s HD","isPartOf":{"@id":"https:\/\/www.blackgoodies.fr\/#website"},"primaryImageOfPage":{"@id":"https:\/\/www.blackgoodies.fr\/ecussons-brodes-tisses-sublimes-mixtes-pvc-cuirs-reflechissants\/#primaryimage"},"image":{"@id":"https:\/\/www.blackgoodies.fr\/ecussons-brodes-tisses-sublimes-mixtes-pvc-cuirs-reflechissants\/#primaryimage"},"thumbnailUrl":"https:\/\/www.blackgoodies.fr\/wp-content\/uploads\/2023\/11\/il_fullxfull.3848280097_ajl3.jpg","datePublished":"2023-03-01T10:11:55+00:00","dateModified":"2025-12-11T09:59:04+00:00","description":"Ecussons brod\u00e9s, tiss\u00e9s, sublim\u00e9s, pvc sur mesure ! A partir de 10 pi\u00e8ces. Livraison \u00e0 domicile ou en point Relais. Vos \u00e9cussons personnalis\u00e9s","inLanguage":"en-GB","potentialAction":[{"@type":"ReadAction","target":["https:\/\/www.blackgoodies.fr\/ecussons-brodes-tisses-sublimes-mixtes-pvc-cuirs-reflechissants\/"]}]},{"@type":"ImageObject","inLanguage":"en-GB","@id":"https:\/\/www.blackgoodies.fr\/ecussons-brodes-tisses-sublimes-mixtes-pvc-cuirs-reflechissants\/#primaryimage","url":"https:\/\/www.blackgoodies.fr\/wp-content\/uploads\/2023\/11\/il_fullxfull.3848280097_ajl3.jpg","contentUrl":"https:\/\/www.blackgoodies.fr\/wp-content\/uploads\/2023\/11\/il_fullxfull.3848280097_ajl3.jpg","width":2000,"height":1500,"caption":"\u00e9cussons brod\u00e9s"},{"@type":"WebSite","@id":"https:\/\/www.blackgoodies.fr\/#website","url":"https:\/\/www.blackgoodies.fr\/","name":"blackgoodies","description":"Ecussons - Flammes - Merchandising","publisher":{"@id":"https:\/\/www.blackgoodies.fr\/#organization"},"potentialAction":[{"@type":"SearchAction","target":{"@type":"EntryPoint","urlTemplate":"https:\/\/www.blackgoodies.fr\/?s={search_term_string}"},"query-input":"required name=search_term_string"}],"inLanguage":"en-GB"},{"@type":"Organization","@id":"https:\/\/www.blackgoodies.fr\/#organization","name":"Blackgoodies","url":"https:\/\/www.blackgoodies.fr\/","logo":{"@type":"ImageObject","inLanguage":"en-GB","@id":"https:\/\/www.blackgoodies.fr\/#\/schema\/logo\/image\/","url":"https:\/\/www.blackgoodies.fr\/wp-content\/uploads\/2023\/03\/favicon.png","contentUrl":"https:\/\/www.blackgoodies.fr\/wp-content\/uploads\/2023\/03\/favicon.png","width":209,"height":209,"caption":"Blackgoodies"},"image":{"@id":"https:\/\/www.blackgoodies.fr\/#\/schema\/logo\/image\/"},"sameAs":["https:\/\/www.facebook.com\/BlackGoodiesFR","https:\/\/www.instagram.com\/blackgoodiesFR\/"]}]}},"_links":{"self":[{"href":"https:\/\/www.blackgoodies.fr\/en\/wp-json\/wp\/v2\/pages\/25906","targetHints":{"allow":["GET"]}}],"collection":[{"href":"https:\/\/www.blackgoodies.fr\/en\/wp-json\/wp\/v2\/pages"}],"about":[{"href":"https:\/\/www.blackgoodies.fr\/en\/wp-json\/wp\/v2\/types\/page"}],"author":[{"embeddable":true,"href":"https:\/\/www.blackgoodies.fr\/en\/wp-json\/wp\/v2\/users\/1"}],"replies":[{"embeddable":true,"href":"https:\/\/www.blackgoodies.fr\/en\/wp-json\/wp\/v2\/comments?post=25906"}],"version-history":[{"count":0,"href":"https:\/\/www.blackgoodies.fr\/en\/wp-json\/wp\/v2\/pages\/25906\/revisions"}],"wp:featuredmedia":[{"embeddable":true,"href":"https:\/\/www.blackgoodies.fr\/en\/wp-json\/wp\/v2\/media\/26444"}],"wp:attachment":[{"href":"https:\/\/www.blackgoodies.fr\/en\/wp-json\/wp\/v2\/media?parent=25906"}],"curies":[{"name":"wp","href":"https:\/\/api.w.org\/{rel}","templated":true}]}}