{"id":469,"date":"2019-03-08T17:22:57","date_gmt":"2019-03-08T16:22:57","guid":{"rendered":"https:\/\/www.blackgoodies.fr\/?page_id=469"},"modified":"2023-07-17T12:01:36","modified_gmt":"2023-07-17T10:01:36","slug":"devenir-revendeur","status":"publish","type":"page","link":"https:\/\/www.blackgoodies.fr\/en\/devenir-revendeur\/","title":{"rendered":"Become a Reseller"},"content":{"rendered":"<p>Pour b\u00e9n\u00e9ficier de nos tarifs \u00ab&nbsp;Revendeurs&nbsp;\u00bb vous devez vous envoyer votre demande en remplissant le formulaire ci-dessous.<\/p>\n\n\n\n<p>Une fois tous les champs du formulaire compl\u00e9t\u00e9s, votre demande de compte sera v\u00e9rifi\u00e9e et valid\u00e9e par nos soins. Une fois la validation effectu\u00e9e, il vous sera communiqu\u00e9 nos tarifs \u00ab&nbsp;revendeurs&nbsp;\u00bb.<\/p>\n\n\n\n<div class=\"wpcf7 no-js\" id=\"wpcf7-f642-o1\" lang=\"fr-FR\" dir=\"ltr\" data-wpcf7-id=\"642\">\n<div class=\"screen-reader-response\"><p role=\"status\" aria-live=\"polite\" aria-atomic=\"true\"><\/p> <ul><\/ul><\/div>\n<form action=\"\/en\/wp-json\/wp\/v2\/pages\/469#wpcf7-f642-o1\" method=\"post\" class=\"wpcf7-form init\" aria-label=\"Formulaire de contact\" novalidate=\"novalidate\" data-status=\"init\" data-trp-original-action=\"\/en\/wp-json\/wp\/v2\/pages\/469#wpcf7-f642-o1\">\n<fieldset class=\"hidden-fields-container\"><input type=\"hidden\" name=\"_wpcf7\" value=\"642\" \/><input type=\"hidden\" name=\"_wpcf7_version\" value=\"6.1.3\" \/><input type=\"hidden\" name=\"_wpcf7_locale\" value=\"fr_FR\" \/><input type=\"hidden\" name=\"_wpcf7_unit_tag\" value=\"wpcf7-f642-o1\" \/><input type=\"hidden\" name=\"_wpcf7_container_post\" value=\"0\" \/><input type=\"hidden\" name=\"_wpcf7_posted_data_hash\" value=\"\" \/><input type=\"hidden\" name=\"_wpcf7_recaptcha_response\" value=\"\" \/>\n<\/fieldset>\n<div class=\"form-container\">\n\t<div class=\"form-item\">\n\t\t<p><label> Soci\u00e9t\u00e9*<br \/>\n<span class=\"wpcf7-form-control-wrap\" data-name=\"your-society\"><input size=\"40\" maxlength=\"400\" class=\"wpcf7-form-control wpcf7-text wpcf7-validates-as-required\" aria-required=\"true\" aria-invalid=\"false\" value=\"\" type=\"text\" name=\"your-society\" \/><\/span><br \/>\n<\/label>\n\t\t<\/p>\n\t<\/div>\n\t<div class=\"form-item\">\n\t\t<p><label> Nom*<br \/>\n<span class=\"wpcf7-form-control-wrap\" data-name=\"your-name\"><input size=\"40\" maxlength=\"400\" class=\"wpcf7-form-control wpcf7-text wpcf7-validates-as-required\" aria-required=\"true\" aria-invalid=\"false\" value=\"\" type=\"text\" name=\"your-name\" \/><\/span><br \/>\n<\/label>\n\t\t<\/p>\n\t<\/div>\n\t<div class=\"form-item\">\n\t\t<p><label> Pr\u00e9nom*<br \/>\n<span class=\"wpcf7-form-control-wrap\" data-name=\"your-firstname\"><input size=\"40\" maxlength=\"400\" class=\"wpcf7-form-control wpcf7-text wpcf7-validates-as-required\" aria-required=\"true\" aria-invalid=\"false\" value=\"\" type=\"text\" name=\"your-firstname\" \/><\/span><br \/>\n<\/label>\n\t\t<\/p>\n\t<\/div>\n\t<div class=\"form-item\">\n\t\t<p><label> Adresse<br \/>\n<span class=\"wpcf7-form-control-wrap\" data-name=\"your-adress\"><input size=\"40\" maxlength=\"400\" class=\"wpcf7-form-control wpcf7-text\" aria-invalid=\"false\" value=\"\" type=\"text\" name=\"your-adress\" \/><\/span><br \/>\n<\/label>\n\t\t<\/p>\n\t<\/div>\n\t<div class=\"form-item\">\n\t\t<p><label> Code postal<br \/>\n<span class=\"wpcf7-form-control-wrap\" data-name=\"your-postalcode\"><input size=\"40\" maxlength=\"400\" class=\"wpcf7-form-control wpcf7-text\" aria-invalid=\"false\" value=\"\" type=\"text\" name=\"your-postalcode\" \/><\/span><br \/>\n<\/label>\n\t\t<\/p>\n\t<\/div>\n\t<div class=\"form-item\">\n\t\t<p><label> Ville<br \/>\n<span class=\"wpcf7-form-control-wrap\" data-name=\"your-ville\"><input size=\"40\" maxlength=\"400\" class=\"wpcf7-form-control wpcf7-text\" aria-invalid=\"false\" value=\"\" type=\"text\" name=\"your-ville\" \/><\/span><br \/>\n<\/label>\n\t\t<\/p>\n\t<\/div>\n\t<div class=\"form-item\">\n\t\t<p><label> Num\u00e9ro de t\u00e9l\u00e9phone<br \/>\n<span class=\"wpcf7-form-control-wrap\" data-name=\"your-phone\"><input size=\"40\" maxlength=\"400\" class=\"wpcf7-form-control wpcf7-tel wpcf7-validates-as-required wpcf7-text wpcf7-validates-as-tel\" aria-required=\"true\" aria-invalid=\"false\" value=\"\" type=\"tel\" name=\"your-phone\" \/><\/span><br \/>\n<\/label>\n\t\t<\/p>\n\t<\/div>\n\t<div class=\"form-item\">\n\t\t<p><label> Adresse mail*<br \/>\n<span class=\"wpcf7-form-control-wrap\" data-name=\"your-email\"><input size=\"40\" maxlength=\"400\" class=\"wpcf7-form-control wpcf7-email wpcf7-validates-as-required wpcf7-text wpcf7-validates-as-email\" aria-required=\"true\" aria-invalid=\"false\" value=\"\" type=\"email\" name=\"your-email\" \/><\/span><br \/>\n<\/label>\n\t\t<\/p>\n\t<\/div>\n\t<div class=\"form-item\">\n\t\t<p><label> SIRET<br \/>\n<span class=\"wpcf7-form-control-wrap\" data-name=\"your-siret\"><input size=\"40\" maxlength=\"400\" class=\"wpcf7-form-control wpcf7-text\" aria-invalid=\"false\" value=\"\" type=\"text\" name=\"your-siret\" \/><\/span><br \/>\n<\/label>\n\t\t<\/p>\n\t<\/div>\n\t<div class=\"form-item\">\n\t\t<p><label> Code APE<br \/>\n<span class=\"wpcf7-form-control-wrap\" data-name=\"your-ape\"><input size=\"40\" maxlength=\"400\" class=\"wpcf7-form-control wpcf7-text\" aria-invalid=\"false\" value=\"\" type=\"text\" name=\"your-ape\" \/><\/span><br \/>\n<\/label>\n\t\t<\/p>\n\t<\/div>\n\t<div class=\"form-item\">\n\t\t<p><label> Notes*<br \/>\n<span class=\"wpcf7-form-control-wrap\" data-name=\"your-message\"><textarea cols=\"40\" rows=\"10\" maxlength=\"2000\" class=\"wpcf7-form-control wpcf7-textarea wpcf7-validates-as-required\" aria-required=\"true\" aria-invalid=\"false\" name=\"your-message\"><\/textarea><\/span><br \/>\n<\/label>\n\t\t<\/p>\n\t<\/div>\n<\/div>\n<p><span class=\"wpcf7-form-control-wrap\" data-name=\"acceptance\"><span class=\"wpcf7-form-control wpcf7-acceptance optional\"><span class=\"wpcf7-list-item\"><label><input type=\"checkbox\" name=\"acceptance\" value=\"1\" aria-invalid=\"false\" \/><span class=\"wpcf7-list-item-label\">En soumettant ce formulaire, j\u2019autorise que les informations saisies dans ce formulaire soient utilis\u00e9es pour permettre de me recontacter ou pour m\u2019envoyer la newsletter et j\u2019accepte la <a href=\"https:\/\/www.blackgoodies.fr\/en\/politique-de-confidentialite\/\" target=\"_blank\">politique de confidentialit\u00e9 du site.<\/a><\/span><\/label><\/span><\/span><\/span>\n<\/p>\n<div class=\"submit-container\">\n\t<p><input class=\"wpcf7-form-control wpcf7-submit has-spinner\" type=\"submit\" value=\"Envoyer\" \/>\n\t<\/p>\n<\/div><div class=\"wpcf7-response-output\" aria-hidden=\"true\"><\/div>\n<input type=\"hidden\" name=\"trp-form-language\" value=\"en\"\/><\/form>\n<\/div>","protected":false},"excerpt":{"rendered":"<p>Pour b\u00e9n\u00e9ficier de nos tarifs \u00ab&nbsp;Revendeurs&nbsp;\u00bb vous devez vous envoyer votre demande en remplissant le formulaire ci-dessous. Une fois tous les champs du formulaire compl\u00e9t\u00e9s, votre demande de compte sera v\u00e9rifi\u00e9e et valid\u00e9e par nos soins. Une fois la validation effectu\u00e9e, il vous sera communiqu\u00e9 nos tarifs \u00ab&nbsp;revendeurs&nbsp;\u00bb.<\/p>","protected":false},"author":1,"featured_media":0,"parent":0,"menu_order":0,"comment_status":"closed","ping_status":"closed","template":"","meta":{"_acf_changed":false,"footnotes":""},"class_list":["post-469","page","type-page","status-publish","hentry"],"acf":[],"yoast_head":"<!-- This site is optimized with the Yoast SEO plugin v23.3 - https:\/\/yoast.com\/wordpress\/plugins\/seo\/ -->\n<title>revendeur<\/title>\n<meta name=\"description\" content=\"Pour b\u00e9n\u00e9ficier de nos tarifs \u00ab\u00a0Revendeurs\u00a0\u00bb vous devez vous envoyer votre demande en remplissant le formulaire ci-dessous.\" \/>\n<meta name=\"robots\" content=\"index, follow, max-snippet:-1, max-image-preview:large, max-video-preview:-1\" \/>\n<link rel=\"canonical\" href=\"https:\/\/www.blackgoodies.fr\/en\/devenir-revendeur\/\" \/>\n<meta property=\"og:locale\" content=\"en_GB\" \/>\n<meta property=\"og:type\" content=\"article\" \/>\n<meta property=\"og:title\" content=\"revendeur\" \/>\n<meta property=\"og:description\" content=\"Pour b\u00e9n\u00e9ficier de nos tarifs \u00ab\u00a0Revendeurs\u00a0\u00bb vous devez vous envoyer votre demande en remplissant le formulaire ci-dessous.\" \/>\n<meta property=\"og:url\" content=\"https:\/\/www.blackgoodies.fr\/en\/devenir-revendeur\/\" \/>\n<meta property=\"og:site_name\" content=\"blackgoodies\" \/>\n<meta property=\"article:publisher\" content=\"https:\/\/www.facebook.com\/BlackGoodiesFR\" \/>\n<meta property=\"article:modified_time\" content=\"2023-07-17T10:01:36+00:00\" \/>\n<meta property=\"og:image\" content=\"https:\/\/www.blackgoodies.fr\/wp-content\/uploads\/2023\/03\/favicon.png\" \/>\n\t<meta property=\"og:image:width\" content=\"209\" \/>\n\t<meta property=\"og:image:height\" content=\"209\" \/>\n\t<meta property=\"og:image:type\" content=\"image\/png\" \/>\n<meta name=\"twitter:card\" content=\"summary_large_image\" \/>\n<meta name=\"twitter:label1\" content=\"Estimated reading time\" \/>\n\t<meta name=\"twitter:data1\" content=\"1 minute\" \/>\n<script type=\"application\/ld+json\" class=\"yoast-schema-graph\">{\"@context\":\"https:\/\/schema.org\",\"@graph\":[{\"@type\":\"WebPage\",\"@id\":\"https:\/\/www.blackgoodies.fr\/devenir-revendeur\/\",\"url\":\"https:\/\/www.blackgoodies.fr\/devenir-revendeur\/\",\"name\":\"revendeur\",\"isPartOf\":{\"@id\":\"https:\/\/www.blackgoodies.fr\/#website\"},\"datePublished\":\"2019-03-08T16:22:57+00:00\",\"dateModified\":\"2023-07-17T10:01:36+00:00\",\"description\":\"Pour b\u00e9n\u00e9ficier de nos tarifs \u00ab\u00a0Revendeurs\u00a0\u00bb vous devez vous envoyer votre demande en remplissant le formulaire ci-dessous.\",\"inLanguage\":\"en-GB\",\"potentialAction\":[{\"@type\":\"ReadAction\",\"target\":[\"https:\/\/www.blackgoodies.fr\/devenir-revendeur\/\"]}]},{\"@type\":\"WebSite\",\"@id\":\"https:\/\/www.blackgoodies.fr\/#website\",\"url\":\"https:\/\/www.blackgoodies.fr\/\",\"name\":\"blackgoodies\",\"description\":\"Ecussons - Flammes - Merchandising\",\"publisher\":{\"@id\":\"https:\/\/www.blackgoodies.fr\/#organization\"},\"potentialAction\":[{\"@type\":\"SearchAction\",\"target\":{\"@type\":\"EntryPoint\",\"urlTemplate\":\"https:\/\/www.blackgoodies.fr\/?s={search_term_string}\"},\"query-input\":\"required name=search_term_string\"}],\"inLanguage\":\"en-GB\"},{\"@type\":\"Organization\",\"@id\":\"https:\/\/www.blackgoodies.fr\/#organization\",\"name\":\"Blackgoodies\",\"url\":\"https:\/\/www.blackgoodies.fr\/\",\"logo\":{\"@type\":\"ImageObject\",\"inLanguage\":\"en-GB\",\"@id\":\"https:\/\/www.blackgoodies.fr\/#\/schema\/logo\/image\/\",\"url\":\"https:\/\/www.blackgoodies.fr\/wp-content\/uploads\/2023\/03\/favicon.png\",\"contentUrl\":\"https:\/\/www.blackgoodies.fr\/wp-content\/uploads\/2023\/03\/favicon.png\",\"width\":209,\"height\":209,\"caption\":\"Blackgoodies\"},\"image\":{\"@id\":\"https:\/\/www.blackgoodies.fr\/#\/schema\/logo\/image\/\"},\"sameAs\":[\"https:\/\/www.facebook.com\/BlackGoodiesFR\",\"https:\/\/www.instagram.com\/blackgoodiesFR\/\"]}]}<\/script>\n<!-- \/ Yoast SEO plugin. -->","yoast_head_json":{"title":"revendeur","description":"Pour b\u00e9n\u00e9ficier de nos tarifs \u00ab\u00a0Revendeurs\u00a0\u00bb vous devez vous envoyer votre demande en remplissant le formulaire ci-dessous.","robots":{"index":"index","follow":"follow","max-snippet":"max-snippet:-1","max-image-preview":"max-image-preview:large","max-video-preview":"max-video-preview:-1"},"canonical":"https:\/\/www.blackgoodies.fr\/en\/devenir-revendeur\/","og_locale":"en_GB","og_type":"article","og_title":"revendeur","og_description":"Pour b\u00e9n\u00e9ficier de nos tarifs \u00ab\u00a0Revendeurs\u00a0\u00bb vous devez vous envoyer votre demande en remplissant le formulaire ci-dessous.","og_url":"https:\/\/www.blackgoodies.fr\/en\/devenir-revendeur\/","og_site_name":"blackgoodies","article_publisher":"https:\/\/www.facebook.com\/BlackGoodiesFR","article_modified_time":"2023-07-17T10:01:36+00:00","og_image":[{"width":209,"height":209,"url":"https:\/\/www.blackgoodies.fr\/wp-content\/uploads\/2023\/03\/favicon.png","type":"image\/png"}],"twitter_card":"summary_large_image","twitter_misc":{"Estimated reading time":"1 minute"},"schema":{"@context":"https:\/\/schema.org","@graph":[{"@type":"WebPage","@id":"https:\/\/www.blackgoodies.fr\/devenir-revendeur\/","url":"https:\/\/www.blackgoodies.fr\/devenir-revendeur\/","name":"revendeur","isPartOf":{"@id":"https:\/\/www.blackgoodies.fr\/#website"},"datePublished":"2019-03-08T16:22:57+00:00","dateModified":"2023-07-17T10:01:36+00:00","description":"Pour b\u00e9n\u00e9ficier de nos tarifs \u00ab\u00a0Revendeurs\u00a0\u00bb vous devez vous envoyer votre demande en remplissant le formulaire ci-dessous.","inLanguage":"en-GB","potentialAction":[{"@type":"ReadAction","target":["https:\/\/www.blackgoodies.fr\/devenir-revendeur\/"]}]},{"@type":"WebSite","@id":"https:\/\/www.blackgoodies.fr\/#website","url":"https:\/\/www.blackgoodies.fr\/","name":"blackgoodies","description":"Ecussons - Flammes - Merchandising","publisher":{"@id":"https:\/\/www.blackgoodies.fr\/#organization"},"potentialAction":[{"@type":"SearchAction","target":{"@type":"EntryPoint","urlTemplate":"https:\/\/www.blackgoodies.fr\/?s={search_term_string}"},"query-input":"required name=search_term_string"}],"inLanguage":"en-GB"},{"@type":"Organization","@id":"https:\/\/www.blackgoodies.fr\/#organization","name":"Blackgoodies","url":"https:\/\/www.blackgoodies.fr\/","logo":{"@type":"ImageObject","inLanguage":"en-GB","@id":"https:\/\/www.blackgoodies.fr\/#\/schema\/logo\/image\/","url":"https:\/\/www.blackgoodies.fr\/wp-content\/uploads\/2023\/03\/favicon.png","contentUrl":"https:\/\/www.blackgoodies.fr\/wp-content\/uploads\/2023\/03\/favicon.png","width":209,"height":209,"caption":"Blackgoodies"},"image":{"@id":"https:\/\/www.blackgoodies.fr\/#\/schema\/logo\/image\/"},"sameAs":["https:\/\/www.facebook.com\/BlackGoodiesFR","https:\/\/www.instagram.com\/blackgoodiesFR\/"]}]}},"_links":{"self":[{"href":"https:\/\/www.blackgoodies.fr\/en\/wp-json\/wp\/v2\/pages\/469","targetHints":{"allow":["GET"]}}],"collection":[{"href":"https:\/\/www.blackgoodies.fr\/en\/wp-json\/wp\/v2\/pages"}],"about":[{"href":"https:\/\/www.blackgoodies.fr\/en\/wp-json\/wp\/v2\/types\/page"}],"author":[{"embeddable":true,"href":"https:\/\/www.blackgoodies.fr\/en\/wp-json\/wp\/v2\/users\/1"}],"replies":[{"embeddable":true,"href":"https:\/\/www.blackgoodies.fr\/en\/wp-json\/wp\/v2\/comments?post=469"}],"version-history":[{"count":0,"href":"https:\/\/www.blackgoodies.fr\/en\/wp-json\/wp\/v2\/pages\/469\/revisions"}],"wp:attachment":[{"href":"https:\/\/www.blackgoodies.fr\/en\/wp-json\/wp\/v2\/media?parent=469"}],"curies":[{"name":"wp","href":"https:\/\/api.w.org\/{rel}","templated":true}]}}