{"id":18,"date":"2019-02-15T14:34:56","date_gmt":"2019-02-15T13:34:56","guid":{"rendered":"https:\/\/www.blackgoodies.fr\/?post_type=product&#038;p=18"},"modified":"2024-08-20T11:13:24","modified_gmt":"2024-08-20T09:13:24","slug":"ecussons-brodes","status":"publish","type":"product","link":"https:\/\/www.blackgoodies.fr\/en\/product\/ecussons-brodes\/","title":{"rendered":"Embroidered patch"},"content":{"rendered":"<p>Les \u00e9cussons brod\u00e9s sont des descendants directs de la broderie, un art de d\u00e9coration des tissus dans un premier temps. Cette derni\u00e8re correspond \u00e0 l\u2019un des plus prestigieux moyens de personnalisation d\u2019un v\u00eatement. Ces \u00e9cussons sont les plus \u00ab classiques \u00bb car brod\u00e9s sur une base de Polycotton \u00e0 l\u2019aide de fils appel\u00e9s \u00ab rayon \u00bb ISO 105C06 OEKO-TEX 100.<\/p>\n<p>Ces derniers peuvent \u00eatre compos\u00e9s d\u2019un m\u00e9lange de 12 couleurs maximum et sont lavables jusqu\u2019\u00e0 40\u00b0C.<\/p>\n<p>Pour \u00eatre r\u00e9alis\u00e9e, une commande d\u2019\u00e9cussons \u00ab brod\u00e9s \u00bb doit comprendre au minimum 10 pi\u00e8ces.<\/p>","protected":false},"excerpt":{"rendered":"<p>Les \u00e9cussons brod\u00e9s sont des descendants directs de la broderie, un art de d\u00e9coration des tissus dans un premier temps. Cette derni\u00e8re correspond \u00e0 l\u2019un des plus prestigieux moyens de personnalisation d\u2019un v\u00eatement. Ces \u00e9cussons sont les plus \u00ab classiques \u00bb car brod\u00e9s sur une base de Polycotton \u00e0 l\u2019aide de fils appel\u00e9s \u00ab rayon [&hellip;]<\/p>","protected":false},"featured_media":25971,"template":"","meta":{"_acf_changed":false},"product_brand":[],"product_cat":[18],"product_tag":[17,32],"class_list":{"0":"post-18","1":"product","2":"type-product","3":"status-publish","4":"has-post-thumbnail","6":"product_cat-ecussons","7":"product_tag-ecusson","8":"product_tag-ecusson-brodes","10":"first","11":"instock","12":"taxable","13":"shipping-taxable","14":"purchasable","15":"product-type-simple"},"acf":[],"yoast_head":"<!-- This site is optimized with the Yoast SEO plugin v23.3 - https:\/\/yoast.com\/wordpress\/plugins\/seo\/ -->\n<title>\u00e9cussons brod\u00e9s<\/title>\n<meta name=\"description\" content=\"\u00e9cussons brod\u00e9s - \u00e0 partir de 10 pi\u00e8ces. Toutes formes possibles, d\u00e9coupes possibles. Finition dos \u00e0 coudre, ou thermocollant etc.\" \/>\n<meta name=\"robots\" content=\"index, follow, max-snippet:-1, max-image-preview:large, max-video-preview:-1\" \/>\n<link rel=\"canonical\" href=\"https:\/\/www.blackgoodies.fr\/en\/product\/ecussons-brodes\/\" \/>\n<meta property=\"og:locale\" content=\"en_GB\" \/>\n<meta property=\"og:type\" content=\"article\" \/>\n<meta property=\"og:title\" content=\"\u00e9cussons brod\u00e9s\" \/>\n<meta property=\"og:description\" content=\"\u00e9cussons brod\u00e9s - \u00e0 partir de 10 pi\u00e8ces. Toutes formes possibles, d\u00e9coupes possibles. Finition dos \u00e0 coudre, ou thermocollant etc.\" \/>\n<meta property=\"og:url\" content=\"https:\/\/www.blackgoodies.fr\/en\/product\/ecussons-brodes\/\" \/>\n<meta property=\"og:site_name\" content=\"blackgoodies\" \/>\n<meta property=\"article:publisher\" content=\"https:\/\/www.facebook.com\/BlackGoodiesFR\" \/>\n<meta property=\"article:modified_time\" content=\"2024-08-20T09:13:24+00:00\" \/>\n<meta property=\"og:image\" content=\"https:\/\/www.blackgoodies.fr\/wp-content\/uploads\/2019\/02\/broder-patch-02.jpg\" \/>\n\t<meta property=\"og:image:width\" content=\"640\" \/>\n\t<meta property=\"og:image:height\" content=\"640\" \/>\n\t<meta property=\"og:image:type\" content=\"image\/jpeg\" \/>\n<meta name=\"twitter:card\" content=\"summary_large_image\" \/>\n<meta name=\"twitter:label1\" content=\"Estimated reading time\" \/>\n\t<meta name=\"twitter:data1\" content=\"1 minute\" \/>\n<script type=\"application\/ld+json\" class=\"yoast-schema-graph\">{\"@context\":\"https:\/\/schema.org\",\"@graph\":[{\"@type\":\"WebPage\",\"@id\":\"https:\/\/www.blackgoodies.fr\/produit\/ecussons-brodes\/\",\"url\":\"https:\/\/www.blackgoodies.fr\/produit\/ecussons-brodes\/\",\"name\":\"\u00e9cussons brod\u00e9s\",\"isPartOf\":{\"@id\":\"https:\/\/www.blackgoodies.fr\/#website\"},\"primaryImageOfPage\":{\"@id\":\"https:\/\/www.blackgoodies.fr\/produit\/ecussons-brodes\/#primaryimage\"},\"image\":{\"@id\":\"https:\/\/www.blackgoodies.fr\/produit\/ecussons-brodes\/#primaryimage\"},\"thumbnailUrl\":\"https:\/\/www.blackgoodies.fr\/wp-content\/uploads\/2019\/02\/broder-patch-02.jpg\",\"datePublished\":\"2019-02-15T13:34:56+00:00\",\"dateModified\":\"2024-08-20T09:13:24+00:00\",\"description\":\"\u00e9cussons brod\u00e9s - \u00e0 partir de 10 pi\u00e8ces. Toutes formes possibles, d\u00e9coupes possibles. Finition dos \u00e0 coudre, ou thermocollant etc.\",\"breadcrumb\":{\"@id\":\"https:\/\/www.blackgoodies.fr\/produit\/ecussons-brodes\/#breadcrumb\"},\"inLanguage\":\"en-GB\",\"potentialAction\":[{\"@type\":\"ReadAction\",\"target\":[\"https:\/\/www.blackgoodies.fr\/produit\/ecussons-brodes\/\"]}]},{\"@type\":\"ImageObject\",\"inLanguage\":\"en-GB\",\"@id\":\"https:\/\/www.blackgoodies.fr\/produit\/ecussons-brodes\/#primaryimage\",\"url\":\"https:\/\/www.blackgoodies.fr\/wp-content\/uploads\/2019\/02\/broder-patch-02.jpg\",\"contentUrl\":\"https:\/\/www.blackgoodies.fr\/wp-content\/uploads\/2019\/02\/broder-patch-02.jpg\",\"width\":640,\"height\":640,\"caption\":\"Ecusson Brod\u00e9\"},{\"@type\":\"BreadcrumbList\",\"@id\":\"https:\/\/www.blackgoodies.fr\/produit\/ecussons-brodes\/#breadcrumb\",\"itemListElement\":[{\"@type\":\"ListItem\",\"position\":1,\"name\":\"La boutique\",\"item\":\"https:\/\/www.blackgoodies.fr\/boutique\/\"},{\"@type\":\"ListItem\",\"position\":2,\"name\":\"Ecusson Brod\u00e9\"}]},{\"@type\":\"WebSite\",\"@id\":\"https:\/\/www.blackgoodies.fr\/#website\",\"url\":\"https:\/\/www.blackgoodies.fr\/\",\"name\":\"blackgoodies\",\"description\":\"Ecussons - Flammes - Merchandising\",\"publisher\":{\"@id\":\"https:\/\/www.blackgoodies.fr\/#organization\"},\"potentialAction\":[{\"@type\":\"SearchAction\",\"target\":{\"@type\":\"EntryPoint\",\"urlTemplate\":\"https:\/\/www.blackgoodies.fr\/?s={search_term_string}\"},\"query-input\":\"required name=search_term_string\"}],\"inLanguage\":\"en-GB\"},{\"@type\":\"Organization\",\"@id\":\"https:\/\/www.blackgoodies.fr\/#organization\",\"name\":\"Blackgoodies\",\"url\":\"https:\/\/www.blackgoodies.fr\/\",\"logo\":{\"@type\":\"ImageObject\",\"inLanguage\":\"en-GB\",\"@id\":\"https:\/\/www.blackgoodies.fr\/#\/schema\/logo\/image\/\",\"url\":\"https:\/\/www.blackgoodies.fr\/wp-content\/uploads\/2023\/03\/favicon.png\",\"contentUrl\":\"https:\/\/www.blackgoodies.fr\/wp-content\/uploads\/2023\/03\/favicon.png\",\"width\":209,\"height\":209,\"caption\":\"Blackgoodies\"},\"image\":{\"@id\":\"https:\/\/www.blackgoodies.fr\/#\/schema\/logo\/image\/\"},\"sameAs\":[\"https:\/\/www.facebook.com\/BlackGoodiesFR\",\"https:\/\/www.instagram.com\/blackgoodiesFR\/\"]}]}<\/script>\n<!-- \/ Yoast SEO plugin. -->","yoast_head_json":{"title":"\u00e9cussons brod\u00e9s","description":"\u00e9cussons brod\u00e9s - \u00e0 partir de 10 pi\u00e8ces. Toutes formes possibles, d\u00e9coupes possibles. Finition dos \u00e0 coudre, ou thermocollant etc.","robots":{"index":"index","follow":"follow","max-snippet":"max-snippet:-1","max-image-preview":"max-image-preview:large","max-video-preview":"max-video-preview:-1"},"canonical":"https:\/\/www.blackgoodies.fr\/en\/product\/ecussons-brodes\/","og_locale":"en_GB","og_type":"article","og_title":"\u00e9cussons brod\u00e9s","og_description":"\u00e9cussons brod\u00e9s - \u00e0 partir de 10 pi\u00e8ces. Toutes formes possibles, d\u00e9coupes possibles. Finition dos \u00e0 coudre, ou thermocollant etc.","og_url":"https:\/\/www.blackgoodies.fr\/en\/product\/ecussons-brodes\/","og_site_name":"blackgoodies","article_publisher":"https:\/\/www.facebook.com\/BlackGoodiesFR","article_modified_time":"2024-08-20T09:13:24+00:00","og_image":[{"width":640,"height":640,"url":"https:\/\/www.blackgoodies.fr\/wp-content\/uploads\/2019\/02\/broder-patch-02.jpg","type":"image\/jpeg"}],"twitter_card":"summary_large_image","twitter_misc":{"Estimated reading time":"1 minute"},"schema":{"@context":"https:\/\/schema.org","@graph":[{"@type":"WebPage","@id":"https:\/\/www.blackgoodies.fr\/produit\/ecussons-brodes\/","url":"https:\/\/www.blackgoodies.fr\/produit\/ecussons-brodes\/","name":"\u00e9cussons brod\u00e9s","isPartOf":{"@id":"https:\/\/www.blackgoodies.fr\/#website"},"primaryImageOfPage":{"@id":"https:\/\/www.blackgoodies.fr\/produit\/ecussons-brodes\/#primaryimage"},"image":{"@id":"https:\/\/www.blackgoodies.fr\/produit\/ecussons-brodes\/#primaryimage"},"thumbnailUrl":"https:\/\/www.blackgoodies.fr\/wp-content\/uploads\/2019\/02\/broder-patch-02.jpg","datePublished":"2019-02-15T13:34:56+00:00","dateModified":"2024-08-20T09:13:24+00:00","description":"\u00e9cussons brod\u00e9s - \u00e0 partir de 10 pi\u00e8ces. Toutes formes possibles, d\u00e9coupes possibles. Finition dos \u00e0 coudre, ou thermocollant etc.","breadcrumb":{"@id":"https:\/\/www.blackgoodies.fr\/produit\/ecussons-brodes\/#breadcrumb"},"inLanguage":"en-GB","potentialAction":[{"@type":"ReadAction","target":["https:\/\/www.blackgoodies.fr\/produit\/ecussons-brodes\/"]}]},{"@type":"ImageObject","inLanguage":"en-GB","@id":"https:\/\/www.blackgoodies.fr\/produit\/ecussons-brodes\/#primaryimage","url":"https:\/\/www.blackgoodies.fr\/wp-content\/uploads\/2019\/02\/broder-patch-02.jpg","contentUrl":"https:\/\/www.blackgoodies.fr\/wp-content\/uploads\/2019\/02\/broder-patch-02.jpg","width":640,"height":640,"caption":"Ecusson Brod\u00e9"},{"@type":"BreadcrumbList","@id":"https:\/\/www.blackgoodies.fr\/produit\/ecussons-brodes\/#breadcrumb","itemListElement":[{"@type":"ListItem","position":1,"name":"La boutique","item":"https:\/\/www.blackgoodies.fr\/boutique\/"},{"@type":"ListItem","position":2,"name":"Ecusson Brod\u00e9"}]},{"@type":"WebSite","@id":"https:\/\/www.blackgoodies.fr\/#website","url":"https:\/\/www.blackgoodies.fr\/","name":"blackgoodies","description":"Ecussons - Flammes - Merchandising","publisher":{"@id":"https:\/\/www.blackgoodies.fr\/#organization"},"potentialAction":[{"@type":"SearchAction","target":{"@type":"EntryPoint","urlTemplate":"https:\/\/www.blackgoodies.fr\/?s={search_term_string}"},"query-input":"required name=search_term_string"}],"inLanguage":"en-GB"},{"@type":"Organization","@id":"https:\/\/www.blackgoodies.fr\/#organization","name":"Blackgoodies","url":"https:\/\/www.blackgoodies.fr\/","logo":{"@type":"ImageObject","inLanguage":"en-GB","@id":"https:\/\/www.blackgoodies.fr\/#\/schema\/logo\/image\/","url":"https:\/\/www.blackgoodies.fr\/wp-content\/uploads\/2023\/03\/favicon.png","contentUrl":"https:\/\/www.blackgoodies.fr\/wp-content\/uploads\/2023\/03\/favicon.png","width":209,"height":209,"caption":"Blackgoodies"},"image":{"@id":"https:\/\/www.blackgoodies.fr\/#\/schema\/logo\/image\/"},"sameAs":["https:\/\/www.facebook.com\/BlackGoodiesFR","https:\/\/www.instagram.com\/blackgoodiesFR\/"]}]}},"_links":{"self":[{"href":"https:\/\/www.blackgoodies.fr\/en\/wp-json\/wp\/v2\/product\/18","targetHints":{"allow":["GET"]}}],"collection":[{"href":"https:\/\/www.blackgoodies.fr\/en\/wp-json\/wp\/v2\/product"}],"about":[{"href":"https:\/\/www.blackgoodies.fr\/en\/wp-json\/wp\/v2\/types\/product"}],"wp:featuredmedia":[{"embeddable":true,"href":"https:\/\/www.blackgoodies.fr\/en\/wp-json\/wp\/v2\/media\/25971"}],"wp:attachment":[{"href":"https:\/\/www.blackgoodies.fr\/en\/wp-json\/wp\/v2\/media?parent=18"}],"wp:term":[{"taxonomy":"product_brand","embeddable":true,"href":"https:\/\/www.blackgoodies.fr\/en\/wp-json\/wp\/v2\/product_brand?post=18"},{"taxonomy":"product_cat","embeddable":true,"href":"https:\/\/www.blackgoodies.fr\/en\/wp-json\/wp\/v2\/product_cat?post=18"},{"taxonomy":"product_tag","embeddable":true,"href":"https:\/\/www.blackgoodies.fr\/en\/wp-json\/wp\/v2\/product_tag?post=18"}],"curies":[{"name":"wp","href":"https:\/\/api.w.org\/{rel}","templated":true}]}}