{"id":26344,"date":"2023-10-05T11:33:04","date_gmt":"2023-10-05T09:33:04","guid":{"rendered":"https:\/\/www.blackgoodies.fr\/?post_type=product&#038;p=26344"},"modified":"2024-08-20T11:35:49","modified_gmt":"2024-08-20T09:35:49","slug":"ecussons-similicuir","status":"publish","type":"product","link":"https:\/\/www.blackgoodies.fr\/en\/product\/ecussons-similicuir\/","title":{"rendered":"Ecusson SIMILICUIR"},"content":{"rendered":"<p>Les \u00e9cussons \u00ab\u00a0Similicuir\u00a0\u00bb sont r\u00e9alis\u00e9s \u00e0 l\u2019aide de moule sp\u00e9cifique \u00e0 chaque \u00e9cusson. Le marquage est r\u00e9alis\u00e9 par gaufrage \u00e0 chaud. Ils peuvent \u00eatre \u00e0 coudre, avec dos Velcro ou thermocollant.<\/p>\n<p>Pour \u00eatre r\u00e9alis\u00e9e, leur commande doit comporter au minimum 10 pi\u00e8ces.<\/p>","protected":false},"excerpt":{"rendered":"<p>Les \u00e9cussons \u00ab\u00a0Similicuir\u00a0\u00bb sont r\u00e9alis\u00e9s \u00e0 l\u2019aide de moule sp\u00e9cifique \u00e0 chaque \u00e9cusson. Le marquage est r\u00e9alis\u00e9 par gaufrage \u00e0 chaud. Ils peuvent \u00eatre \u00e0 coudre, avec dos Velcro ou thermocollant. Pour \u00eatre r\u00e9alis\u00e9e, leur commande doit comporter au minimum 10 pi\u00e8ces.<\/p>","protected":false},"featured_media":26420,"template":"","meta":{"_acf_changed":false},"product_brand":[],"product_cat":[18],"product_tag":[17,36],"class_list":{"0":"post-26344","1":"product","2":"type-product","3":"status-publish","4":"has-post-thumbnail","6":"product_cat-ecussons","7":"product_tag-ecusson","8":"product_tag-ecussons-similicuir","10":"first","11":"instock","12":"taxable","13":"shipping-taxable","14":"purchasable","15":"product-type-simple"},"acf":[],"yoast_head":"<!-- This site is optimized with the Yoast SEO plugin v23.3 - https:\/\/yoast.com\/wordpress\/plugins\/seo\/ -->\n<title>\u00e9cussons similicuir<\/title>\n<meta name=\"description\" content=\"\u00e9cussons similicuir personnalis\u00e9s - \u00e0 partir de 10 pi\u00e8ces. Toutes formes possibles, d\u00e9coupes possibles. Finitions dos au choix.\" \/>\n<meta name=\"robots\" content=\"index, follow, max-snippet:-1, max-image-preview:large, max-video-preview:-1\" \/>\n<link rel=\"canonical\" href=\"https:\/\/www.blackgoodies.fr\/en\/product\/ecussons-similicuir\/\" \/>\n<meta property=\"og:locale\" content=\"en_GB\" \/>\n<meta property=\"og:type\" content=\"article\" \/>\n<meta property=\"og:title\" content=\"\u00e9cussons similicuir\" \/>\n<meta property=\"og:description\" content=\"\u00e9cussons similicuir personnalis\u00e9s - \u00e0 partir de 10 pi\u00e8ces. Toutes formes possibles, d\u00e9coupes possibles. Finitions dos au choix.\" \/>\n<meta property=\"og:url\" content=\"https:\/\/www.blackgoodies.fr\/en\/product\/ecussons-similicuir\/\" \/>\n<meta property=\"og:site_name\" content=\"blackgoodies\" \/>\n<meta property=\"article:publisher\" content=\"https:\/\/www.facebook.com\/BlackGoodiesFR\" \/>\n<meta property=\"article:modified_time\" content=\"2024-08-20T09:35:49+00:00\" \/>\n<meta property=\"og:image\" content=\"https:\/\/www.blackgoodies.fr\/wp-content\/uploads\/2023\/10\/Similicuir_bleu_BG-S10_blackgoodies.png\" \/>\n\t<meta property=\"og:image:width\" content=\"1524\" \/>\n\t<meta property=\"og:image:height\" content=\"1515\" \/>\n\t<meta property=\"og:image:type\" content=\"image\/png\" \/>\n<meta name=\"twitter:card\" content=\"summary_large_image\" \/>\n<meta name=\"twitter:label1\" content=\"Estimated reading time\" \/>\n\t<meta name=\"twitter:data1\" content=\"1 minute\" \/>\n<script type=\"application\/ld+json\" class=\"yoast-schema-graph\">{\"@context\":\"https:\/\/schema.org\",\"@graph\":[{\"@type\":\"WebPage\",\"@id\":\"https:\/\/www.blackgoodies.fr\/produit\/ecussons-similicuir\/\",\"url\":\"https:\/\/www.blackgoodies.fr\/produit\/ecussons-similicuir\/\",\"name\":\"\u00e9cussons similicuir\",\"isPartOf\":{\"@id\":\"https:\/\/www.blackgoodies.fr\/#website\"},\"primaryImageOfPage\":{\"@id\":\"https:\/\/www.blackgoodies.fr\/produit\/ecussons-similicuir\/#primaryimage\"},\"image\":{\"@id\":\"https:\/\/www.blackgoodies.fr\/produit\/ecussons-similicuir\/#primaryimage\"},\"thumbnailUrl\":\"https:\/\/www.blackgoodies.fr\/wp-content\/uploads\/2023\/10\/Similicuir_bleu_BG-S10_blackgoodies.png\",\"datePublished\":\"2023-10-05T09:33:04+00:00\",\"dateModified\":\"2024-08-20T09:35:49+00:00\",\"description\":\"\u00e9cussons similicuir personnalis\u00e9s - \u00e0 partir de 10 pi\u00e8ces. Toutes formes possibles, d\u00e9coupes possibles. Finitions dos au choix.\",\"breadcrumb\":{\"@id\":\"https:\/\/www.blackgoodies.fr\/produit\/ecussons-similicuir\/#breadcrumb\"},\"inLanguage\":\"en-GB\",\"potentialAction\":[{\"@type\":\"ReadAction\",\"target\":[\"https:\/\/www.blackgoodies.fr\/produit\/ecussons-similicuir\/\"]}]},{\"@type\":\"ImageObject\",\"inLanguage\":\"en-GB\",\"@id\":\"https:\/\/www.blackgoodies.fr\/produit\/ecussons-similicuir\/#primaryimage\",\"url\":\"https:\/\/www.blackgoodies.fr\/wp-content\/uploads\/2023\/10\/Similicuir_bleu_BG-S10_blackgoodies.png\",\"contentUrl\":\"https:\/\/www.blackgoodies.fr\/wp-content\/uploads\/2023\/10\/Similicuir_bleu_BG-S10_blackgoodies.png\",\"width\":1524,\"height\":1515},{\"@type\":\"BreadcrumbList\",\"@id\":\"https:\/\/www.blackgoodies.fr\/produit\/ecussons-similicuir\/#breadcrumb\",\"itemListElement\":[{\"@type\":\"ListItem\",\"position\":1,\"name\":\"La boutique\",\"item\":\"https:\/\/www.blackgoodies.fr\/boutique\/\"},{\"@type\":\"ListItem\",\"position\":2,\"name\":\"Ecusson SIMILICUIR\"}]},{\"@type\":\"WebSite\",\"@id\":\"https:\/\/www.blackgoodies.fr\/#website\",\"url\":\"https:\/\/www.blackgoodies.fr\/\",\"name\":\"blackgoodies\",\"description\":\"Ecussons - Flammes - Merchandising\",\"publisher\":{\"@id\":\"https:\/\/www.blackgoodies.fr\/#organization\"},\"potentialAction\":[{\"@type\":\"SearchAction\",\"target\":{\"@type\":\"EntryPoint\",\"urlTemplate\":\"https:\/\/www.blackgoodies.fr\/?s={search_term_string}\"},\"query-input\":\"required name=search_term_string\"}],\"inLanguage\":\"en-GB\"},{\"@type\":\"Organization\",\"@id\":\"https:\/\/www.blackgoodies.fr\/#organization\",\"name\":\"Blackgoodies\",\"url\":\"https:\/\/www.blackgoodies.fr\/\",\"logo\":{\"@type\":\"ImageObject\",\"inLanguage\":\"en-GB\",\"@id\":\"https:\/\/www.blackgoodies.fr\/#\/schema\/logo\/image\/\",\"url\":\"https:\/\/www.blackgoodies.fr\/wp-content\/uploads\/2023\/03\/favicon.png\",\"contentUrl\":\"https:\/\/www.blackgoodies.fr\/wp-content\/uploads\/2023\/03\/favicon.png\",\"width\":209,\"height\":209,\"caption\":\"Blackgoodies\"},\"image\":{\"@id\":\"https:\/\/www.blackgoodies.fr\/#\/schema\/logo\/image\/\"},\"sameAs\":[\"https:\/\/www.facebook.com\/BlackGoodiesFR\",\"https:\/\/www.instagram.com\/blackgoodiesFR\/\"]}]}<\/script>\n<!-- \/ Yoast SEO plugin. -->","yoast_head_json":{"title":"\u00e9cussons similicuir","description":"\u00e9cussons similicuir personnalis\u00e9s - \u00e0 partir de 10 pi\u00e8ces. Toutes formes possibles, d\u00e9coupes possibles. Finitions dos au choix.","robots":{"index":"index","follow":"follow","max-snippet":"max-snippet:-1","max-image-preview":"max-image-preview:large","max-video-preview":"max-video-preview:-1"},"canonical":"https:\/\/www.blackgoodies.fr\/en\/product\/ecussons-similicuir\/","og_locale":"en_GB","og_type":"article","og_title":"\u00e9cussons similicuir","og_description":"\u00e9cussons similicuir personnalis\u00e9s - \u00e0 partir de 10 pi\u00e8ces. Toutes formes possibles, d\u00e9coupes possibles. Finitions dos au choix.","og_url":"https:\/\/www.blackgoodies.fr\/en\/product\/ecussons-similicuir\/","og_site_name":"blackgoodies","article_publisher":"https:\/\/www.facebook.com\/BlackGoodiesFR","article_modified_time":"2024-08-20T09:35:49+00:00","og_image":[{"width":1524,"height":1515,"url":"https:\/\/www.blackgoodies.fr\/wp-content\/uploads\/2023\/10\/Similicuir_bleu_BG-S10_blackgoodies.png","type":"image\/png"}],"twitter_card":"summary_large_image","twitter_misc":{"Estimated reading time":"1 minute"},"schema":{"@context":"https:\/\/schema.org","@graph":[{"@type":"WebPage","@id":"https:\/\/www.blackgoodies.fr\/produit\/ecussons-similicuir\/","url":"https:\/\/www.blackgoodies.fr\/produit\/ecussons-similicuir\/","name":"\u00e9cussons similicuir","isPartOf":{"@id":"https:\/\/www.blackgoodies.fr\/#website"},"primaryImageOfPage":{"@id":"https:\/\/www.blackgoodies.fr\/produit\/ecussons-similicuir\/#primaryimage"},"image":{"@id":"https:\/\/www.blackgoodies.fr\/produit\/ecussons-similicuir\/#primaryimage"},"thumbnailUrl":"https:\/\/www.blackgoodies.fr\/wp-content\/uploads\/2023\/10\/Similicuir_bleu_BG-S10_blackgoodies.png","datePublished":"2023-10-05T09:33:04+00:00","dateModified":"2024-08-20T09:35:49+00:00","description":"\u00e9cussons similicuir personnalis\u00e9s - \u00e0 partir de 10 pi\u00e8ces. Toutes formes possibles, d\u00e9coupes possibles. Finitions dos au choix.","breadcrumb":{"@id":"https:\/\/www.blackgoodies.fr\/produit\/ecussons-similicuir\/#breadcrumb"},"inLanguage":"en-GB","potentialAction":[{"@type":"ReadAction","target":["https:\/\/www.blackgoodies.fr\/produit\/ecussons-similicuir\/"]}]},{"@type":"ImageObject","inLanguage":"en-GB","@id":"https:\/\/www.blackgoodies.fr\/produit\/ecussons-similicuir\/#primaryimage","url":"https:\/\/www.blackgoodies.fr\/wp-content\/uploads\/2023\/10\/Similicuir_bleu_BG-S10_blackgoodies.png","contentUrl":"https:\/\/www.blackgoodies.fr\/wp-content\/uploads\/2023\/10\/Similicuir_bleu_BG-S10_blackgoodies.png","width":1524,"height":1515},{"@type":"BreadcrumbList","@id":"https:\/\/www.blackgoodies.fr\/produit\/ecussons-similicuir\/#breadcrumb","itemListElement":[{"@type":"ListItem","position":1,"name":"La boutique","item":"https:\/\/www.blackgoodies.fr\/boutique\/"},{"@type":"ListItem","position":2,"name":"Ecusson SIMILICUIR"}]},{"@type":"WebSite","@id":"https:\/\/www.blackgoodies.fr\/#website","url":"https:\/\/www.blackgoodies.fr\/","name":"blackgoodies","description":"Ecussons - Flammes - Merchandising","publisher":{"@id":"https:\/\/www.blackgoodies.fr\/#organization"},"potentialAction":[{"@type":"SearchAction","target":{"@type":"EntryPoint","urlTemplate":"https:\/\/www.blackgoodies.fr\/?s={search_term_string}"},"query-input":"required name=search_term_string"}],"inLanguage":"en-GB"},{"@type":"Organization","@id":"https:\/\/www.blackgoodies.fr\/#organization","name":"Blackgoodies","url":"https:\/\/www.blackgoodies.fr\/","logo":{"@type":"ImageObject","inLanguage":"en-GB","@id":"https:\/\/www.blackgoodies.fr\/#\/schema\/logo\/image\/","url":"https:\/\/www.blackgoodies.fr\/wp-content\/uploads\/2023\/03\/favicon.png","contentUrl":"https:\/\/www.blackgoodies.fr\/wp-content\/uploads\/2023\/03\/favicon.png","width":209,"height":209,"caption":"Blackgoodies"},"image":{"@id":"https:\/\/www.blackgoodies.fr\/#\/schema\/logo\/image\/"},"sameAs":["https:\/\/www.facebook.com\/BlackGoodiesFR","https:\/\/www.instagram.com\/blackgoodiesFR\/"]}]}},"_links":{"self":[{"href":"https:\/\/www.blackgoodies.fr\/en\/wp-json\/wp\/v2\/product\/26344","targetHints":{"allow":["GET"]}}],"collection":[{"href":"https:\/\/www.blackgoodies.fr\/en\/wp-json\/wp\/v2\/product"}],"about":[{"href":"https:\/\/www.blackgoodies.fr\/en\/wp-json\/wp\/v2\/types\/product"}],"wp:featuredmedia":[{"embeddable":true,"href":"https:\/\/www.blackgoodies.fr\/en\/wp-json\/wp\/v2\/media\/26420"}],"wp:attachment":[{"href":"https:\/\/www.blackgoodies.fr\/en\/wp-json\/wp\/v2\/media?parent=26344"}],"wp:term":[{"taxonomy":"product_brand","embeddable":true,"href":"https:\/\/www.blackgoodies.fr\/en\/wp-json\/wp\/v2\/product_brand?post=26344"},{"taxonomy":"product_cat","embeddable":true,"href":"https:\/\/www.blackgoodies.fr\/en\/wp-json\/wp\/v2\/product_cat?post=26344"},{"taxonomy":"product_tag","embeddable":true,"href":"https:\/\/www.blackgoodies.fr\/en\/wp-json\/wp\/v2\/product_tag?post=26344"}],"curies":[{"name":"wp","href":"https:\/\/api.w.org\/{rel}","templated":true}]}}