{"id":26346,"date":"2023-10-05T11:40:14","date_gmt":"2023-10-05T09:40:14","guid":{"rendered":"https:\/\/www.blackgoodies.fr\/?post_type=product&#038;p=26346"},"modified":"2024-08-20T11:47:11","modified_gmt":"2024-08-20T09:47:11","slug":"ecussons-reflechissants-ou-phosphorescents","status":"publish","type":"product","link":"https:\/\/www.blackgoodies.fr\/en\/product\/ecussons-reflechissants-ou-phosphorescents\/","title":{"rendered":"Ecusson R\u00e9fl\u00e9chissant ou Phosphorescent"},"content":{"rendered":"<p>Les \u00e9cussons R\u00e9fl\u00e9chissants ou Phosphorescents sont fabriqu\u00e9s en deux couches. La partie r\u00e9fl\u00e9chissante ou phosphorescente est une sous-couche(couleur de fond) et viens se poser dessus la couleur de surface choisie (couleur de surface ). Le dit marquage est donc monochrome (une seule couleur). Il y aussi des couleurs de fonds \u00ab\u00a0neutres\u00a0\u00bb qui ne sont ni Phosphorescents ni R\u00e9fl\u00e9chissants (qui sont con\u00e7us de la m\u00eame mani\u00e8re). Le dessin est d\u00e9coup\u00e9 sur la couleur de surface ce qui rend impossible les parties vides comme l&rsquo;int\u00e9rieur d&rsquo;un O par exemple ou les traits qui se croisent dans un logo ou dessin. Il faut donc utiliser une police d&rsquo;\u00e9criture ou les lettres de type \u00ab\u00a0b\u00e2tons\u00a0\u00bb\u00a0 qui sont coup\u00e9es ( vous pouvez trouver cela sur des sites comme <em>dafont.com<\/em> dans la cat\u00e9gorie \u00ab\u00a0<em>Stencil, Army<\/em>\u00a0\u00bb ).<\/p>\n<p style=\"text-align: center\">Exemple de police d&rsquo;\u00e9criture : <img decoding=\"async\" class=\"size-full wp-image-26369 aligncenter\" src=\"https:\/\/www.blackgoodies.fr\/wp-content\/uploads\/2023\/10\/exemple-texte-BlackGoodies.png\" alt=\"\" width=\"290\" height=\"45\" srcset=\"https:\/\/www.blackgoodies.fr\/wp-content\/uploads\/2023\/10\/exemple-texte-BlackGoodies.png 290w, https:\/\/www.blackgoodies.fr\/wp-content\/uploads\/2023\/10\/exemple-texte-BlackGoodies-150x23.png 150w, https:\/\/www.blackgoodies.fr\/wp-content\/uploads\/2023\/10\/exemple-texte-BlackGoodies-18x3.png 18w\" sizes=\"(max-width: 290px) 100vw, 290px\" \/><\/p>\n<p>Pour \u00eatre r\u00e9alis\u00e9e, leur commande doit comporter au minimum 10 pi\u00e8ces.<\/p>","protected":false},"excerpt":{"rendered":"<p>Les \u00e9cussons R\u00e9fl\u00e9chissants ou Phosphorescents sont fabriqu\u00e9s en deux couches. La partie r\u00e9fl\u00e9chissante ou phosphorescente est une sous-couche(couleur de fond) et viens se poser dessus la couleur de surface choisie (couleur de surface ). Le dit marquage est donc monochrome (une seule couleur). Il y aussi des couleurs de fonds \u00ab\u00a0neutres\u00a0\u00bb qui ne sont ni [&hellip;]<\/p>","protected":false},"featured_media":26305,"template":"","meta":{"_acf_changed":false},"product_brand":[],"product_cat":[18],"product_tag":[17,37],"class_list":{"0":"post-26346","1":"product","2":"type-product","3":"status-publish","4":"has-post-thumbnail","6":"product_cat-ecussons","7":"product_tag-ecusson","8":"product_tag-ecussons-reflechissants-phosphorescents","10":"first","11":"instock","12":"taxable","13":"shipping-taxable","14":"purchasable","15":"product-type-simple"},"acf":[],"yoast_head":"<!-- This site is optimized with the Yoast SEO plugin v23.3 - https:\/\/yoast.com\/wordpress\/plugins\/seo\/ -->\n<title>\u00e9cussons r\u00e9fl\u00e9chissants<\/title>\n<meta name=\"description\" content=\"\u00e9cussons r\u00e9fl\u00e9chissants ou phosphorescent personnalis\u00e9s - \u00e0 partir de 10 pi\u00e8ces. Toutes formes possibles, Finitions dos au choix.\" \/>\n<meta name=\"robots\" content=\"index, follow, max-snippet:-1, max-image-preview:large, max-video-preview:-1\" \/>\n<link rel=\"canonical\" href=\"https:\/\/www.blackgoodies.fr\/en\/product\/ecussons-reflechissants-ou-phosphorescents\/\" \/>\n<meta property=\"og:locale\" content=\"en_GB\" \/>\n<meta property=\"og:type\" content=\"article\" \/>\n<meta property=\"og:title\" content=\"\u00e9cussons r\u00e9fl\u00e9chissants\" \/>\n<meta property=\"og:description\" content=\"\u00e9cussons r\u00e9fl\u00e9chissants ou phosphorescent personnalis\u00e9s - \u00e0 partir de 10 pi\u00e8ces. Toutes formes possibles, Finitions dos au choix.\" \/>\n<meta property=\"og:url\" content=\"https:\/\/www.blackgoodies.fr\/en\/product\/ecussons-reflechissants-ou-phosphorescents\/\" \/>\n<meta property=\"og:site_name\" content=\"blackgoodies\" \/>\n<meta property=\"article:publisher\" content=\"https:\/\/www.facebook.com\/BlackGoodiesFR\" \/>\n<meta property=\"article:modified_time\" content=\"2024-08-20T09:47:11+00:00\" \/>\n<meta property=\"og:image\" content=\"https:\/\/www.blackgoodies.fr\/wp-content\/uploads\/2023\/10\/Exemple-ecusson-reflechissant-1-blackgoodies.png\" \/>\n\t<meta property=\"og:image:width\" content=\"314\" \/>\n\t<meta property=\"og:image:height\" content=\"316\" \/>\n\t<meta property=\"og:image:type\" content=\"image\/png\" \/>\n<meta name=\"twitter:card\" content=\"summary_large_image\" \/>\n<meta name=\"twitter:label1\" content=\"Estimated reading time\" \/>\n\t<meta name=\"twitter:data1\" content=\"2 minutes\" \/>\n<script type=\"application\/ld+json\" class=\"yoast-schema-graph\">{\"@context\":\"https:\/\/schema.org\",\"@graph\":[{\"@type\":\"WebPage\",\"@id\":\"https:\/\/www.blackgoodies.fr\/produit\/ecussons-reflechissants-ou-phosphorescents\/\",\"url\":\"https:\/\/www.blackgoodies.fr\/produit\/ecussons-reflechissants-ou-phosphorescents\/\",\"name\":\"\u00e9cussons r\u00e9fl\u00e9chissants\",\"isPartOf\":{\"@id\":\"https:\/\/www.blackgoodies.fr\/#website\"},\"primaryImageOfPage\":{\"@id\":\"https:\/\/www.blackgoodies.fr\/produit\/ecussons-reflechissants-ou-phosphorescents\/#primaryimage\"},\"image\":{\"@id\":\"https:\/\/www.blackgoodies.fr\/produit\/ecussons-reflechissants-ou-phosphorescents\/#primaryimage\"},\"thumbnailUrl\":\"https:\/\/www.blackgoodies.fr\/wp-content\/uploads\/2023\/10\/Exemple-ecusson-reflechissant-1-blackgoodies.png\",\"datePublished\":\"2023-10-05T09:40:14+00:00\",\"dateModified\":\"2024-08-20T09:47:11+00:00\",\"description\":\"\u00e9cussons r\u00e9fl\u00e9chissants ou phosphorescent personnalis\u00e9s - \u00e0 partir de 10 pi\u00e8ces. Toutes formes possibles, Finitions dos au choix.\",\"breadcrumb\":{\"@id\":\"https:\/\/www.blackgoodies.fr\/produit\/ecussons-reflechissants-ou-phosphorescents\/#breadcrumb\"},\"inLanguage\":\"en-GB\",\"potentialAction\":[{\"@type\":\"ReadAction\",\"target\":[\"https:\/\/www.blackgoodies.fr\/produit\/ecussons-reflechissants-ou-phosphorescents\/\"]}]},{\"@type\":\"ImageObject\",\"inLanguage\":\"en-GB\",\"@id\":\"https:\/\/www.blackgoodies.fr\/produit\/ecussons-reflechissants-ou-phosphorescents\/#primaryimage\",\"url\":\"https:\/\/www.blackgoodies.fr\/wp-content\/uploads\/2023\/10\/Exemple-ecusson-reflechissant-1-blackgoodies.png\",\"contentUrl\":\"https:\/\/www.blackgoodies.fr\/wp-content\/uploads\/2023\/10\/Exemple-ecusson-reflechissant-1-blackgoodies.png\",\"width\":314,\"height\":316},{\"@type\":\"BreadcrumbList\",\"@id\":\"https:\/\/www.blackgoodies.fr\/produit\/ecussons-reflechissants-ou-phosphorescents\/#breadcrumb\",\"itemListElement\":[{\"@type\":\"ListItem\",\"position\":1,\"name\":\"La boutique\",\"item\":\"https:\/\/www.blackgoodies.fr\/boutique\/\"},{\"@type\":\"ListItem\",\"position\":2,\"name\":\"Ecusson R\u00e9fl\u00e9chissant ou Phosphorescent\"}]},{\"@type\":\"WebSite\",\"@id\":\"https:\/\/www.blackgoodies.fr\/#website\",\"url\":\"https:\/\/www.blackgoodies.fr\/\",\"name\":\"blackgoodies\",\"description\":\"Ecussons - Flammes - Merchandising\",\"publisher\":{\"@id\":\"https:\/\/www.blackgoodies.fr\/#organization\"},\"potentialAction\":[{\"@type\":\"SearchAction\",\"target\":{\"@type\":\"EntryPoint\",\"urlTemplate\":\"https:\/\/www.blackgoodies.fr\/?s={search_term_string}\"},\"query-input\":\"required name=search_term_string\"}],\"inLanguage\":\"en-GB\"},{\"@type\":\"Organization\",\"@id\":\"https:\/\/www.blackgoodies.fr\/#organization\",\"name\":\"Blackgoodies\",\"url\":\"https:\/\/www.blackgoodies.fr\/\",\"logo\":{\"@type\":\"ImageObject\",\"inLanguage\":\"en-GB\",\"@id\":\"https:\/\/www.blackgoodies.fr\/#\/schema\/logo\/image\/\",\"url\":\"https:\/\/www.blackgoodies.fr\/wp-content\/uploads\/2023\/03\/favicon.png\",\"contentUrl\":\"https:\/\/www.blackgoodies.fr\/wp-content\/uploads\/2023\/03\/favicon.png\",\"width\":209,\"height\":209,\"caption\":\"Blackgoodies\"},\"image\":{\"@id\":\"https:\/\/www.blackgoodies.fr\/#\/schema\/logo\/image\/\"},\"sameAs\":[\"https:\/\/www.facebook.com\/BlackGoodiesFR\",\"https:\/\/www.instagram.com\/blackgoodiesFR\/\"]}]}<\/script>\n<!-- \/ Yoast SEO plugin. -->","yoast_head_json":{"title":"\u00e9cussons r\u00e9fl\u00e9chissants","description":"\u00e9cussons r\u00e9fl\u00e9chissants ou phosphorescent personnalis\u00e9s - \u00e0 partir de 10 pi\u00e8ces. Toutes formes possibles, Finitions dos au choix.","robots":{"index":"index","follow":"follow","max-snippet":"max-snippet:-1","max-image-preview":"max-image-preview:large","max-video-preview":"max-video-preview:-1"},"canonical":"https:\/\/www.blackgoodies.fr\/en\/product\/ecussons-reflechissants-ou-phosphorescents\/","og_locale":"en_GB","og_type":"article","og_title":"\u00e9cussons r\u00e9fl\u00e9chissants","og_description":"\u00e9cussons r\u00e9fl\u00e9chissants ou phosphorescent personnalis\u00e9s - \u00e0 partir de 10 pi\u00e8ces. Toutes formes possibles, Finitions dos au choix.","og_url":"https:\/\/www.blackgoodies.fr\/en\/product\/ecussons-reflechissants-ou-phosphorescents\/","og_site_name":"blackgoodies","article_publisher":"https:\/\/www.facebook.com\/BlackGoodiesFR","article_modified_time":"2024-08-20T09:47:11+00:00","og_image":[{"width":314,"height":316,"url":"https:\/\/www.blackgoodies.fr\/wp-content\/uploads\/2023\/10\/Exemple-ecusson-reflechissant-1-blackgoodies.png","type":"image\/png"}],"twitter_card":"summary_large_image","twitter_misc":{"Estimated reading time":"2 minutes"},"schema":{"@context":"https:\/\/schema.org","@graph":[{"@type":"WebPage","@id":"https:\/\/www.blackgoodies.fr\/produit\/ecussons-reflechissants-ou-phosphorescents\/","url":"https:\/\/www.blackgoodies.fr\/produit\/ecussons-reflechissants-ou-phosphorescents\/","name":"\u00e9cussons r\u00e9fl\u00e9chissants","isPartOf":{"@id":"https:\/\/www.blackgoodies.fr\/#website"},"primaryImageOfPage":{"@id":"https:\/\/www.blackgoodies.fr\/produit\/ecussons-reflechissants-ou-phosphorescents\/#primaryimage"},"image":{"@id":"https:\/\/www.blackgoodies.fr\/produit\/ecussons-reflechissants-ou-phosphorescents\/#primaryimage"},"thumbnailUrl":"https:\/\/www.blackgoodies.fr\/wp-content\/uploads\/2023\/10\/Exemple-ecusson-reflechissant-1-blackgoodies.png","datePublished":"2023-10-05T09:40:14+00:00","dateModified":"2024-08-20T09:47:11+00:00","description":"\u00e9cussons r\u00e9fl\u00e9chissants ou phosphorescent personnalis\u00e9s - \u00e0 partir de 10 pi\u00e8ces. Toutes formes possibles, Finitions dos au choix.","breadcrumb":{"@id":"https:\/\/www.blackgoodies.fr\/produit\/ecussons-reflechissants-ou-phosphorescents\/#breadcrumb"},"inLanguage":"en-GB","potentialAction":[{"@type":"ReadAction","target":["https:\/\/www.blackgoodies.fr\/produit\/ecussons-reflechissants-ou-phosphorescents\/"]}]},{"@type":"ImageObject","inLanguage":"en-GB","@id":"https:\/\/www.blackgoodies.fr\/produit\/ecussons-reflechissants-ou-phosphorescents\/#primaryimage","url":"https:\/\/www.blackgoodies.fr\/wp-content\/uploads\/2023\/10\/Exemple-ecusson-reflechissant-1-blackgoodies.png","contentUrl":"https:\/\/www.blackgoodies.fr\/wp-content\/uploads\/2023\/10\/Exemple-ecusson-reflechissant-1-blackgoodies.png","width":314,"height":316},{"@type":"BreadcrumbList","@id":"https:\/\/www.blackgoodies.fr\/produit\/ecussons-reflechissants-ou-phosphorescents\/#breadcrumb","itemListElement":[{"@type":"ListItem","position":1,"name":"La boutique","item":"https:\/\/www.blackgoodies.fr\/boutique\/"},{"@type":"ListItem","position":2,"name":"Ecusson R\u00e9fl\u00e9chissant ou Phosphorescent"}]},{"@type":"WebSite","@id":"https:\/\/www.blackgoodies.fr\/#website","url":"https:\/\/www.blackgoodies.fr\/","name":"blackgoodies","description":"Ecussons - Flammes - Merchandising","publisher":{"@id":"https:\/\/www.blackgoodies.fr\/#organization"},"potentialAction":[{"@type":"SearchAction","target":{"@type":"EntryPoint","urlTemplate":"https:\/\/www.blackgoodies.fr\/?s={search_term_string}"},"query-input":"required name=search_term_string"}],"inLanguage":"en-GB"},{"@type":"Organization","@id":"https:\/\/www.blackgoodies.fr\/#organization","name":"Blackgoodies","url":"https:\/\/www.blackgoodies.fr\/","logo":{"@type":"ImageObject","inLanguage":"en-GB","@id":"https:\/\/www.blackgoodies.fr\/#\/schema\/logo\/image\/","url":"https:\/\/www.blackgoodies.fr\/wp-content\/uploads\/2023\/03\/favicon.png","contentUrl":"https:\/\/www.blackgoodies.fr\/wp-content\/uploads\/2023\/03\/favicon.png","width":209,"height":209,"caption":"Blackgoodies"},"image":{"@id":"https:\/\/www.blackgoodies.fr\/#\/schema\/logo\/image\/"},"sameAs":["https:\/\/www.facebook.com\/BlackGoodiesFR","https:\/\/www.instagram.com\/blackgoodiesFR\/"]}]}},"_links":{"self":[{"href":"https:\/\/www.blackgoodies.fr\/en\/wp-json\/wp\/v2\/product\/26346","targetHints":{"allow":["GET"]}}],"collection":[{"href":"https:\/\/www.blackgoodies.fr\/en\/wp-json\/wp\/v2\/product"}],"about":[{"href":"https:\/\/www.blackgoodies.fr\/en\/wp-json\/wp\/v2\/types\/product"}],"wp:featuredmedia":[{"embeddable":true,"href":"https:\/\/www.blackgoodies.fr\/en\/wp-json\/wp\/v2\/media\/26305"}],"wp:attachment":[{"href":"https:\/\/www.blackgoodies.fr\/en\/wp-json\/wp\/v2\/media?parent=26346"}],"wp:term":[{"taxonomy":"product_brand","embeddable":true,"href":"https:\/\/www.blackgoodies.fr\/en\/wp-json\/wp\/v2\/product_brand?post=26346"},{"taxonomy":"product_cat","embeddable":true,"href":"https:\/\/www.blackgoodies.fr\/en\/wp-json\/wp\/v2\/product_cat?post=26346"},{"taxonomy":"product_tag","embeddable":true,"href":"https:\/\/www.blackgoodies.fr\/en\/wp-json\/wp\/v2\/product_tag?post=26346"}],"curies":[{"name":"wp","href":"https:\/\/api.w.org\/{rel}","templated":true}]}}