{"id":27034,"date":"2024-08-20T14:16:34","date_gmt":"2024-08-20T12:16:34","guid":{"rendered":"https:\/\/www.blackgoodies.fr\/?post_type=product&#038;p=27034"},"modified":"2024-09-05T17:10:57","modified_gmt":"2024-09-05T15:10:57","slug":"porte-cles-flamme-sublimes","status":"publish","type":"product","link":"https:\/\/www.blackgoodies.fr\/en\/product\/porte-cles-flamme-sublimes\/","title":{"rendered":"Porte-cl\u00e9s Flamme Sublim\u00e9s"},"content":{"rendered":"<p>Les porte-cl\u00e9s Flamme \u00ab sublim\u00e9s \u00bb sont une alternative efficace aux dessins ou motifs trop complexes pour de la broderie ou du tissage. Ils sont r\u00e9alis\u00e9s \u00e0 partir d\u2019un tissu 100% polyester sp\u00e9cialement con\u00e7u pour une impression en haute d\u00e9finition. Sur ces derniers, l\u2019image est directement imprim\u00e9e sur le tissu permettant ainsi d\u2019\u00e9viter toute pertes de d\u00e9tails notamment pour les photos ou la quadrichromie * par exemple<\/p>\n<p>Pour \u00eatre r\u00e9alis\u00e9e, une commande de porte-cl\u00e9s flamme \u00ab\u00a0sublim\u00e9s\u00a0\u00bb doit comprendre un minimum\u00a0 de 10 pi\u00e8ces.<\/p>","protected":false},"excerpt":{"rendered":"<p>Les porte-cl\u00e9s Flamme \u00ab sublim\u00e9s \u00bb sont une alternative efficace aux dessins ou motifs trop complexes pour de la broderie ou du tissage. Ils sont r\u00e9alis\u00e9s \u00e0 partir d\u2019un tissu 100% polyester sp\u00e9cialement con\u00e7u pour une impression en haute d\u00e9finition. Sur ces derniers, l\u2019image est directement imprim\u00e9e sur le tissu permettant ainsi d\u2019\u00e9viter toute pertes [&hellip;]<\/p>","protected":false},"featured_media":27040,"template":"","meta":{"_acf_changed":false},"product_brand":[],"product_cat":[43],"product_tag":[],"class_list":{"0":"post-27034","1":"product","2":"type-product","3":"status-publish","4":"has-post-thumbnail","6":"product_cat-porte-cles-flamme","8":"first","9":"instock","10":"taxable","11":"shipping-taxable","12":"purchasable","13":"product-type-simple"},"acf":[],"yoast_head":"<!-- This site is optimized with the Yoast SEO plugin v23.3 - https:\/\/yoast.com\/wordpress\/plugins\/seo\/ -->\n<title>Porte-cl\u00e9s Flamme Sublim\u00e9s - blackgoodies<\/title>\n<meta name=\"description\" content=\"Porte-cl\u00e9s Flamme Sublim\u00e9s - \u00e0 partir de 10 pi\u00e8ces. Ils sont une alternative efficace aux dessins trop complexes pour de la broderie ou du tissage.\" \/>\n<meta name=\"robots\" content=\"index, follow, max-snippet:-1, max-image-preview:large, max-video-preview:-1\" \/>\n<link rel=\"canonical\" href=\"https:\/\/www.blackgoodies.fr\/en\/product\/porte-cles-flamme-sublimes\/\" \/>\n<meta property=\"og:locale\" content=\"en_GB\" \/>\n<meta property=\"og:type\" content=\"article\" \/>\n<meta property=\"og:title\" content=\"Porte-cl\u00e9s Flamme Sublim\u00e9s - blackgoodies\" \/>\n<meta property=\"og:description\" content=\"Porte-cl\u00e9s Flamme Sublim\u00e9s - \u00e0 partir de 10 pi\u00e8ces. Ils sont une alternative efficace aux dessins trop complexes pour de la broderie ou du tissage.\" \/>\n<meta property=\"og:url\" content=\"https:\/\/www.blackgoodies.fr\/en\/product\/porte-cles-flamme-sublimes\/\" \/>\n<meta property=\"og:site_name\" content=\"blackgoodies\" \/>\n<meta property=\"article:publisher\" content=\"https:\/\/www.facebook.com\/BlackGoodiesFR\" \/>\n<meta property=\"article:modified_time\" content=\"2024-09-05T15:10:57+00:00\" \/>\n<meta property=\"og:image\" content=\"https:\/\/www.blackgoodies.fr\/wp-content\/uploads\/2023\/03\/favicon.png\" \/>\n\t<meta property=\"og:image:width\" content=\"209\" \/>\n\t<meta property=\"og:image:height\" content=\"209\" \/>\n\t<meta property=\"og:image:type\" content=\"image\/png\" \/>\n<meta name=\"twitter:card\" content=\"summary_large_image\" \/>\n<meta name=\"twitter:label1\" content=\"Estimated reading time\" \/>\n\t<meta name=\"twitter:data1\" content=\"1 minute\" \/>\n<script type=\"application\/ld+json\" class=\"yoast-schema-graph\">{\"@context\":\"https:\/\/schema.org\",\"@graph\":[{\"@type\":\"WebPage\",\"@id\":\"https:\/\/www.blackgoodies.fr\/produit\/porte-cles-flamme-sublimes\/\",\"url\":\"https:\/\/www.blackgoodies.fr\/produit\/porte-cles-flamme-sublimes\/\",\"name\":\"Porte-cl\u00e9s Flamme Sublim\u00e9s - blackgoodies\",\"isPartOf\":{\"@id\":\"https:\/\/www.blackgoodies.fr\/#website\"},\"primaryImageOfPage\":{\"@id\":\"https:\/\/www.blackgoodies.fr\/produit\/porte-cles-flamme-sublimes\/#primaryimage\"},\"image\":{\"@id\":\"https:\/\/www.blackgoodies.fr\/produit\/porte-cles-flamme-sublimes\/#primaryimage\"},\"thumbnailUrl\":\"https:\/\/www.blackgoodies.fr\/wp-content\/uploads\/2024\/08\/Porte-cle-flamme-sublime_blackgoodies.avif\",\"datePublished\":\"2024-08-20T12:16:34+00:00\",\"dateModified\":\"2024-09-05T15:10:57+00:00\",\"description\":\"Porte-cl\u00e9s Flamme Sublim\u00e9s - \u00e0 partir de 10 pi\u00e8ces. Ils sont une alternative efficace aux dessins trop complexes pour de la broderie ou du tissage.\",\"breadcrumb\":{\"@id\":\"https:\/\/www.blackgoodies.fr\/produit\/porte-cles-flamme-sublimes\/#breadcrumb\"},\"inLanguage\":\"en-GB\",\"potentialAction\":[{\"@type\":\"ReadAction\",\"target\":[\"https:\/\/www.blackgoodies.fr\/produit\/porte-cles-flamme-sublimes\/\"]}]},{\"@type\":\"ImageObject\",\"inLanguage\":\"en-GB\",\"@id\":\"https:\/\/www.blackgoodies.fr\/produit\/porte-cles-flamme-sublimes\/#primaryimage\",\"url\":\"https:\/\/www.blackgoodies.fr\/wp-content\/uploads\/2024\/08\/Porte-cle-flamme-sublime_blackgoodies.avif\",\"contentUrl\":\"https:\/\/www.blackgoodies.fr\/wp-content\/uploads\/2024\/08\/Porte-cle-flamme-sublime_blackgoodies.avif\",\"width\":300,\"height\":300},{\"@type\":\"BreadcrumbList\",\"@id\":\"https:\/\/www.blackgoodies.fr\/produit\/porte-cles-flamme-sublimes\/#breadcrumb\",\"itemListElement\":[{\"@type\":\"ListItem\",\"position\":1,\"name\":\"La boutique\",\"item\":\"https:\/\/www.blackgoodies.fr\/boutique\/\"},{\"@type\":\"ListItem\",\"position\":2,\"name\":\"Porte-cl\u00e9s Flamme Sublim\u00e9s\"}]},{\"@type\":\"WebSite\",\"@id\":\"https:\/\/www.blackgoodies.fr\/#website\",\"url\":\"https:\/\/www.blackgoodies.fr\/\",\"name\":\"blackgoodies\",\"description\":\"Ecussons - Flammes - Merchandising\",\"publisher\":{\"@id\":\"https:\/\/www.blackgoodies.fr\/#organization\"},\"potentialAction\":[{\"@type\":\"SearchAction\",\"target\":{\"@type\":\"EntryPoint\",\"urlTemplate\":\"https:\/\/www.blackgoodies.fr\/?s={search_term_string}\"},\"query-input\":\"required name=search_term_string\"}],\"inLanguage\":\"en-GB\"},{\"@type\":\"Organization\",\"@id\":\"https:\/\/www.blackgoodies.fr\/#organization\",\"name\":\"Blackgoodies\",\"url\":\"https:\/\/www.blackgoodies.fr\/\",\"logo\":{\"@type\":\"ImageObject\",\"inLanguage\":\"en-GB\",\"@id\":\"https:\/\/www.blackgoodies.fr\/#\/schema\/logo\/image\/\",\"url\":\"https:\/\/www.blackgoodies.fr\/wp-content\/uploads\/2023\/03\/favicon.png\",\"contentUrl\":\"https:\/\/www.blackgoodies.fr\/wp-content\/uploads\/2023\/03\/favicon.png\",\"width\":209,\"height\":209,\"caption\":\"Blackgoodies\"},\"image\":{\"@id\":\"https:\/\/www.blackgoodies.fr\/#\/schema\/logo\/image\/\"},\"sameAs\":[\"https:\/\/www.facebook.com\/BlackGoodiesFR\",\"https:\/\/www.instagram.com\/blackgoodiesFR\/\"]}]}<\/script>\n<!-- \/ Yoast SEO plugin. -->","yoast_head_json":{"title":"Porte-cl\u00e9s Flamme Sublim\u00e9s - blackgoodies","description":"Porte-cl\u00e9s Flamme Sublim\u00e9s - \u00e0 partir de 10 pi\u00e8ces. Ils sont une alternative efficace aux dessins trop complexes pour de la broderie ou du tissage.","robots":{"index":"index","follow":"follow","max-snippet":"max-snippet:-1","max-image-preview":"max-image-preview:large","max-video-preview":"max-video-preview:-1"},"canonical":"https:\/\/www.blackgoodies.fr\/en\/product\/porte-cles-flamme-sublimes\/","og_locale":"en_GB","og_type":"article","og_title":"Porte-cl\u00e9s Flamme Sublim\u00e9s - blackgoodies","og_description":"Porte-cl\u00e9s Flamme Sublim\u00e9s - \u00e0 partir de 10 pi\u00e8ces. Ils sont une alternative efficace aux dessins trop complexes pour de la broderie ou du tissage.","og_url":"https:\/\/www.blackgoodies.fr\/en\/product\/porte-cles-flamme-sublimes\/","og_site_name":"blackgoodies","article_publisher":"https:\/\/www.facebook.com\/BlackGoodiesFR","article_modified_time":"2024-09-05T15:10:57+00:00","og_image":[{"width":209,"height":209,"url":"https:\/\/www.blackgoodies.fr\/wp-content\/uploads\/2023\/03\/favicon.png","type":"image\/png"}],"twitter_card":"summary_large_image","twitter_misc":{"Estimated reading time":"1 minute"},"schema":{"@context":"https:\/\/schema.org","@graph":[{"@type":"WebPage","@id":"https:\/\/www.blackgoodies.fr\/produit\/porte-cles-flamme-sublimes\/","url":"https:\/\/www.blackgoodies.fr\/produit\/porte-cles-flamme-sublimes\/","name":"Porte-cl\u00e9s Flamme Sublim\u00e9s - blackgoodies","isPartOf":{"@id":"https:\/\/www.blackgoodies.fr\/#website"},"primaryImageOfPage":{"@id":"https:\/\/www.blackgoodies.fr\/produit\/porte-cles-flamme-sublimes\/#primaryimage"},"image":{"@id":"https:\/\/www.blackgoodies.fr\/produit\/porte-cles-flamme-sublimes\/#primaryimage"},"thumbnailUrl":"https:\/\/www.blackgoodies.fr\/wp-content\/uploads\/2024\/08\/Porte-cle-flamme-sublime_blackgoodies.avif","datePublished":"2024-08-20T12:16:34+00:00","dateModified":"2024-09-05T15:10:57+00:00","description":"Porte-cl\u00e9s Flamme Sublim\u00e9s - \u00e0 partir de 10 pi\u00e8ces. Ils sont une alternative efficace aux dessins trop complexes pour de la broderie ou du tissage.","breadcrumb":{"@id":"https:\/\/www.blackgoodies.fr\/produit\/porte-cles-flamme-sublimes\/#breadcrumb"},"inLanguage":"en-GB","potentialAction":[{"@type":"ReadAction","target":["https:\/\/www.blackgoodies.fr\/produit\/porte-cles-flamme-sublimes\/"]}]},{"@type":"ImageObject","inLanguage":"en-GB","@id":"https:\/\/www.blackgoodies.fr\/produit\/porte-cles-flamme-sublimes\/#primaryimage","url":"https:\/\/www.blackgoodies.fr\/wp-content\/uploads\/2024\/08\/Porte-cle-flamme-sublime_blackgoodies.avif","contentUrl":"https:\/\/www.blackgoodies.fr\/wp-content\/uploads\/2024\/08\/Porte-cle-flamme-sublime_blackgoodies.avif","width":300,"height":300},{"@type":"BreadcrumbList","@id":"https:\/\/www.blackgoodies.fr\/produit\/porte-cles-flamme-sublimes\/#breadcrumb","itemListElement":[{"@type":"ListItem","position":1,"name":"La boutique","item":"https:\/\/www.blackgoodies.fr\/boutique\/"},{"@type":"ListItem","position":2,"name":"Porte-cl\u00e9s Flamme Sublim\u00e9s"}]},{"@type":"WebSite","@id":"https:\/\/www.blackgoodies.fr\/#website","url":"https:\/\/www.blackgoodies.fr\/","name":"blackgoodies","description":"Ecussons - Flammes - Merchandising","publisher":{"@id":"https:\/\/www.blackgoodies.fr\/#organization"},"potentialAction":[{"@type":"SearchAction","target":{"@type":"EntryPoint","urlTemplate":"https:\/\/www.blackgoodies.fr\/?s={search_term_string}"},"query-input":"required name=search_term_string"}],"inLanguage":"en-GB"},{"@type":"Organization","@id":"https:\/\/www.blackgoodies.fr\/#organization","name":"Blackgoodies","url":"https:\/\/www.blackgoodies.fr\/","logo":{"@type":"ImageObject","inLanguage":"en-GB","@id":"https:\/\/www.blackgoodies.fr\/#\/schema\/logo\/image\/","url":"https:\/\/www.blackgoodies.fr\/wp-content\/uploads\/2023\/03\/favicon.png","contentUrl":"https:\/\/www.blackgoodies.fr\/wp-content\/uploads\/2023\/03\/favicon.png","width":209,"height":209,"caption":"Blackgoodies"},"image":{"@id":"https:\/\/www.blackgoodies.fr\/#\/schema\/logo\/image\/"},"sameAs":["https:\/\/www.facebook.com\/BlackGoodiesFR","https:\/\/www.instagram.com\/blackgoodiesFR\/"]}]}},"_links":{"self":[{"href":"https:\/\/www.blackgoodies.fr\/en\/wp-json\/wp\/v2\/product\/27034","targetHints":{"allow":["GET"]}}],"collection":[{"href":"https:\/\/www.blackgoodies.fr\/en\/wp-json\/wp\/v2\/product"}],"about":[{"href":"https:\/\/www.blackgoodies.fr\/en\/wp-json\/wp\/v2\/types\/product"}],"wp:featuredmedia":[{"embeddable":true,"href":"https:\/\/www.blackgoodies.fr\/en\/wp-json\/wp\/v2\/media\/27040"}],"wp:attachment":[{"href":"https:\/\/www.blackgoodies.fr\/en\/wp-json\/wp\/v2\/media?parent=27034"}],"wp:term":[{"taxonomy":"product_brand","embeddable":true,"href":"https:\/\/www.blackgoodies.fr\/en\/wp-json\/wp\/v2\/product_brand?post=27034"},{"taxonomy":"product_cat","embeddable":true,"href":"https:\/\/www.blackgoodies.fr\/en\/wp-json\/wp\/v2\/product_cat?post=27034"},{"taxonomy":"product_tag","embeddable":true,"href":"https:\/\/www.blackgoodies.fr\/en\/wp-json\/wp\/v2\/product_tag?post=27034"}],"curies":[{"name":"wp","href":"https:\/\/api.w.org\/{rel}","templated":true}]}}