{"id":279,"date":"2019-02-21T10:28:44","date_gmt":"2019-02-21T09:28:44","guid":{"rendered":"https:\/\/www.blackgoodies.fr\/?post_type=product&#038;p=279"},"modified":"2024-08-20T11:22:16","modified_gmt":"2024-08-20T09:22:16","slug":"ecusson-tisse","status":"publish","type":"product","link":"https:\/\/www.blackgoodies.fr\/en\/product\/ecusson-tisse\/","title":{"rendered":"Woven patch"},"content":{"rendered":"<p>Les \u00e9cussons tiss\u00e9s sont plus plats et lisses. Ils demandent un travail plus technique et permettent de r\u00e9aliser des travaux plus pr\u00e9cis. Ils sont utilis\u00e9s pour des dessins plus complexes et sont demand\u00e9s, entre autres, pour les tenues sportives notamment gr\u00e2ce \u00e0 leur souplesse et \u00e0 leur finesse. Ces derniers peuvent comporter au maximum 11 couleurs diff\u00e9rentes et sont lavables jusqu\u2019\u00e0 40\u00b0C.<\/p>\n<p>Pour \u00eatre r\u00e9alis\u00e9e, une commande d\u2019\u00e9cussons \u00ab tiss\u00e9s \u00bb doit comprendre au minimum 10 pi\u00e8ces.<\/p>","protected":false},"excerpt":{"rendered":"<p>Les \u00e9cussons tiss\u00e9s sont plus plats et lisses. Ils demandent un travail plus technique et permettent de r\u00e9aliser des travaux plus pr\u00e9cis. Ils sont utilis\u00e9s pour des dessins plus complexes et sont demand\u00e9s, entre autres, pour les tenues sportives notamment gr\u00e2ce \u00e0 leur souplesse et \u00e0 leur finesse. Ces derniers peuvent comporter au maximum 11 [&hellip;]<\/p>","protected":false},"featured_media":25970,"template":"","meta":{"_acf_changed":false},"product_brand":[],"product_cat":[18],"product_tag":[17,31],"class_list":{"0":"post-279","1":"product","2":"type-product","3":"status-publish","4":"has-post-thumbnail","6":"product_cat-ecussons","7":"product_tag-ecusson","8":"product_tag-ecussons_tisses","10":"first","11":"instock","12":"taxable","13":"shipping-taxable","14":"purchasable","15":"product-type-simple"},"acf":[],"yoast_head":"<!-- This site is optimized with the Yoast SEO plugin v23.3 - https:\/\/yoast.com\/wordpress\/plugins\/seo\/ -->\n<title>\u00e9cussons tiss\u00e9s<\/title>\n<meta name=\"description\" content=\"\u00e9cussons tiss\u00e9s personnalis\u00e9s - \u00e0 partir de 10 pi\u00e8ces. Toutes formes possibles, d\u00e9coupes possibles. Finitions dos au choix.\" \/>\n<meta name=\"robots\" content=\"index, follow, max-snippet:-1, max-image-preview:large, max-video-preview:-1\" \/>\n<link rel=\"canonical\" href=\"https:\/\/www.blackgoodies.fr\/en\/product\/ecusson-tisse\/\" \/>\n<meta property=\"og:locale\" content=\"en_GB\" \/>\n<meta property=\"og:type\" content=\"article\" \/>\n<meta property=\"og:title\" content=\"\u00e9cussons tiss\u00e9s\" \/>\n<meta property=\"og:description\" content=\"\u00e9cussons tiss\u00e9s personnalis\u00e9s - \u00e0 partir de 10 pi\u00e8ces. Toutes formes possibles, d\u00e9coupes possibles. Finitions dos au choix.\" \/>\n<meta property=\"og:url\" content=\"https:\/\/www.blackgoodies.fr\/en\/product\/ecusson-tisse\/\" \/>\n<meta property=\"og:site_name\" content=\"blackgoodies\" \/>\n<meta property=\"article:publisher\" content=\"https:\/\/www.facebook.com\/BlackGoodiesFR\" \/>\n<meta property=\"article:modified_time\" content=\"2024-08-20T09:22:16+00:00\" \/>\n<meta property=\"og:image\" content=\"https:\/\/www.blackgoodies.fr\/wp-content\/uploads\/2019\/02\/WQM7802-PATCH-TISSE-03.jpg\" \/>\n\t<meta property=\"og:image:width\" content=\"720\" \/>\n\t<meta property=\"og:image:height\" content=\"720\" \/>\n\t<meta property=\"og:image:type\" content=\"image\/jpeg\" \/>\n<meta name=\"twitter:card\" content=\"summary_large_image\" \/>\n<meta name=\"twitter:label1\" content=\"Estimated reading time\" \/>\n\t<meta name=\"twitter:data1\" content=\"1 minute\" \/>\n<script type=\"application\/ld+json\" class=\"yoast-schema-graph\">{\"@context\":\"https:\/\/schema.org\",\"@graph\":[{\"@type\":\"WebPage\",\"@id\":\"https:\/\/www.blackgoodies.fr\/produit\/ecusson-tisse\/\",\"url\":\"https:\/\/www.blackgoodies.fr\/produit\/ecusson-tisse\/\",\"name\":\"\u00e9cussons tiss\u00e9s\",\"isPartOf\":{\"@id\":\"https:\/\/www.blackgoodies.fr\/#website\"},\"primaryImageOfPage\":{\"@id\":\"https:\/\/www.blackgoodies.fr\/produit\/ecusson-tisse\/#primaryimage\"},\"image\":{\"@id\":\"https:\/\/www.blackgoodies.fr\/produit\/ecusson-tisse\/#primaryimage\"},\"thumbnailUrl\":\"https:\/\/www.blackgoodies.fr\/wp-content\/uploads\/2019\/02\/WQM7802-PATCH-TISSE-03.jpg\",\"datePublished\":\"2019-02-21T09:28:44+00:00\",\"dateModified\":\"2024-08-20T09:22:16+00:00\",\"description\":\"\u00e9cussons tiss\u00e9s personnalis\u00e9s - \u00e0 partir de 10 pi\u00e8ces. Toutes formes possibles, d\u00e9coupes possibles. Finitions dos au choix.\",\"breadcrumb\":{\"@id\":\"https:\/\/www.blackgoodies.fr\/produit\/ecusson-tisse\/#breadcrumb\"},\"inLanguage\":\"en-GB\",\"potentialAction\":[{\"@type\":\"ReadAction\",\"target\":[\"https:\/\/www.blackgoodies.fr\/produit\/ecusson-tisse\/\"]}]},{\"@type\":\"ImageObject\",\"inLanguage\":\"en-GB\",\"@id\":\"https:\/\/www.blackgoodies.fr\/produit\/ecusson-tisse\/#primaryimage\",\"url\":\"https:\/\/www.blackgoodies.fr\/wp-content\/uploads\/2019\/02\/WQM7802-PATCH-TISSE-03.jpg\",\"contentUrl\":\"https:\/\/www.blackgoodies.fr\/wp-content\/uploads\/2019\/02\/WQM7802-PATCH-TISSE-03.jpg\",\"width\":720,\"height\":720,\"caption\":\"Ecusson Tiss\u00e9\"},{\"@type\":\"BreadcrumbList\",\"@id\":\"https:\/\/www.blackgoodies.fr\/produit\/ecusson-tisse\/#breadcrumb\",\"itemListElement\":[{\"@type\":\"ListItem\",\"position\":1,\"name\":\"La boutique\",\"item\":\"https:\/\/www.blackgoodies.fr\/boutique\/\"},{\"@type\":\"ListItem\",\"position\":2,\"name\":\"Ecusson tiss\u00e9\"}]},{\"@type\":\"WebSite\",\"@id\":\"https:\/\/www.blackgoodies.fr\/#website\",\"url\":\"https:\/\/www.blackgoodies.fr\/\",\"name\":\"blackgoodies\",\"description\":\"Ecussons - Flammes - Merchandising\",\"publisher\":{\"@id\":\"https:\/\/www.blackgoodies.fr\/#organization\"},\"potentialAction\":[{\"@type\":\"SearchAction\",\"target\":{\"@type\":\"EntryPoint\",\"urlTemplate\":\"https:\/\/www.blackgoodies.fr\/?s={search_term_string}\"},\"query-input\":\"required name=search_term_string\"}],\"inLanguage\":\"en-GB\"},{\"@type\":\"Organization\",\"@id\":\"https:\/\/www.blackgoodies.fr\/#organization\",\"name\":\"Blackgoodies\",\"url\":\"https:\/\/www.blackgoodies.fr\/\",\"logo\":{\"@type\":\"ImageObject\",\"inLanguage\":\"en-GB\",\"@id\":\"https:\/\/www.blackgoodies.fr\/#\/schema\/logo\/image\/\",\"url\":\"https:\/\/www.blackgoodies.fr\/wp-content\/uploads\/2023\/03\/favicon.png\",\"contentUrl\":\"https:\/\/www.blackgoodies.fr\/wp-content\/uploads\/2023\/03\/favicon.png\",\"width\":209,\"height\":209,\"caption\":\"Blackgoodies\"},\"image\":{\"@id\":\"https:\/\/www.blackgoodies.fr\/#\/schema\/logo\/image\/\"},\"sameAs\":[\"https:\/\/www.facebook.com\/BlackGoodiesFR\",\"https:\/\/www.instagram.com\/blackgoodiesFR\/\"]}]}<\/script>\n<!-- \/ Yoast SEO plugin. -->","yoast_head_json":{"title":"\u00e9cussons tiss\u00e9s","description":"\u00e9cussons tiss\u00e9s personnalis\u00e9s - \u00e0 partir de 10 pi\u00e8ces. Toutes formes possibles, d\u00e9coupes possibles. Finitions dos au choix.","robots":{"index":"index","follow":"follow","max-snippet":"max-snippet:-1","max-image-preview":"max-image-preview:large","max-video-preview":"max-video-preview:-1"},"canonical":"https:\/\/www.blackgoodies.fr\/en\/product\/ecusson-tisse\/","og_locale":"en_GB","og_type":"article","og_title":"\u00e9cussons tiss\u00e9s","og_description":"\u00e9cussons tiss\u00e9s personnalis\u00e9s - \u00e0 partir de 10 pi\u00e8ces. Toutes formes possibles, d\u00e9coupes possibles. Finitions dos au choix.","og_url":"https:\/\/www.blackgoodies.fr\/en\/product\/ecusson-tisse\/","og_site_name":"blackgoodies","article_publisher":"https:\/\/www.facebook.com\/BlackGoodiesFR","article_modified_time":"2024-08-20T09:22:16+00:00","og_image":[{"width":720,"height":720,"url":"https:\/\/www.blackgoodies.fr\/wp-content\/uploads\/2019\/02\/WQM7802-PATCH-TISSE-03.jpg","type":"image\/jpeg"}],"twitter_card":"summary_large_image","twitter_misc":{"Estimated reading time":"1 minute"},"schema":{"@context":"https:\/\/schema.org","@graph":[{"@type":"WebPage","@id":"https:\/\/www.blackgoodies.fr\/produit\/ecusson-tisse\/","url":"https:\/\/www.blackgoodies.fr\/produit\/ecusson-tisse\/","name":"\u00e9cussons tiss\u00e9s","isPartOf":{"@id":"https:\/\/www.blackgoodies.fr\/#website"},"primaryImageOfPage":{"@id":"https:\/\/www.blackgoodies.fr\/produit\/ecusson-tisse\/#primaryimage"},"image":{"@id":"https:\/\/www.blackgoodies.fr\/produit\/ecusson-tisse\/#primaryimage"},"thumbnailUrl":"https:\/\/www.blackgoodies.fr\/wp-content\/uploads\/2019\/02\/WQM7802-PATCH-TISSE-03.jpg","datePublished":"2019-02-21T09:28:44+00:00","dateModified":"2024-08-20T09:22:16+00:00","description":"\u00e9cussons tiss\u00e9s personnalis\u00e9s - \u00e0 partir de 10 pi\u00e8ces. Toutes formes possibles, d\u00e9coupes possibles. Finitions dos au choix.","breadcrumb":{"@id":"https:\/\/www.blackgoodies.fr\/produit\/ecusson-tisse\/#breadcrumb"},"inLanguage":"en-GB","potentialAction":[{"@type":"ReadAction","target":["https:\/\/www.blackgoodies.fr\/produit\/ecusson-tisse\/"]}]},{"@type":"ImageObject","inLanguage":"en-GB","@id":"https:\/\/www.blackgoodies.fr\/produit\/ecusson-tisse\/#primaryimage","url":"https:\/\/www.blackgoodies.fr\/wp-content\/uploads\/2019\/02\/WQM7802-PATCH-TISSE-03.jpg","contentUrl":"https:\/\/www.blackgoodies.fr\/wp-content\/uploads\/2019\/02\/WQM7802-PATCH-TISSE-03.jpg","width":720,"height":720,"caption":"Ecusson Tiss\u00e9"},{"@type":"BreadcrumbList","@id":"https:\/\/www.blackgoodies.fr\/produit\/ecusson-tisse\/#breadcrumb","itemListElement":[{"@type":"ListItem","position":1,"name":"La boutique","item":"https:\/\/www.blackgoodies.fr\/boutique\/"},{"@type":"ListItem","position":2,"name":"Ecusson tiss\u00e9"}]},{"@type":"WebSite","@id":"https:\/\/www.blackgoodies.fr\/#website","url":"https:\/\/www.blackgoodies.fr\/","name":"blackgoodies","description":"Ecussons - Flammes - Merchandising","publisher":{"@id":"https:\/\/www.blackgoodies.fr\/#organization"},"potentialAction":[{"@type":"SearchAction","target":{"@type":"EntryPoint","urlTemplate":"https:\/\/www.blackgoodies.fr\/?s={search_term_string}"},"query-input":"required name=search_term_string"}],"inLanguage":"en-GB"},{"@type":"Organization","@id":"https:\/\/www.blackgoodies.fr\/#organization","name":"Blackgoodies","url":"https:\/\/www.blackgoodies.fr\/","logo":{"@type":"ImageObject","inLanguage":"en-GB","@id":"https:\/\/www.blackgoodies.fr\/#\/schema\/logo\/image\/","url":"https:\/\/www.blackgoodies.fr\/wp-content\/uploads\/2023\/03\/favicon.png","contentUrl":"https:\/\/www.blackgoodies.fr\/wp-content\/uploads\/2023\/03\/favicon.png","width":209,"height":209,"caption":"Blackgoodies"},"image":{"@id":"https:\/\/www.blackgoodies.fr\/#\/schema\/logo\/image\/"},"sameAs":["https:\/\/www.facebook.com\/BlackGoodiesFR","https:\/\/www.instagram.com\/blackgoodiesFR\/"]}]}},"_links":{"self":[{"href":"https:\/\/www.blackgoodies.fr\/en\/wp-json\/wp\/v2\/product\/279","targetHints":{"allow":["GET"]}}],"collection":[{"href":"https:\/\/www.blackgoodies.fr\/en\/wp-json\/wp\/v2\/product"}],"about":[{"href":"https:\/\/www.blackgoodies.fr\/en\/wp-json\/wp\/v2\/types\/product"}],"wp:featuredmedia":[{"embeddable":true,"href":"https:\/\/www.blackgoodies.fr\/en\/wp-json\/wp\/v2\/media\/25970"}],"wp:attachment":[{"href":"https:\/\/www.blackgoodies.fr\/en\/wp-json\/wp\/v2\/media?parent=279"}],"wp:term":[{"taxonomy":"product_brand","embeddable":true,"href":"https:\/\/www.blackgoodies.fr\/en\/wp-json\/wp\/v2\/product_brand?post=279"},{"taxonomy":"product_cat","embeddable":true,"href":"https:\/\/www.blackgoodies.fr\/en\/wp-json\/wp\/v2\/product_cat?post=279"},{"taxonomy":"product_tag","embeddable":true,"href":"https:\/\/www.blackgoodies.fr\/en\/wp-json\/wp\/v2\/product_tag?post=279"}],"curies":[{"name":"wp","href":"https:\/\/api.w.org\/{rel}","templated":true}]}}